{"id":1015,"date":"2018-08-22T10:46:12","date_gmt":"2018-08-22T08:46:12","guid":{"rendered":"http:\/\/www.klimagerechte-architektur.de\/?page_id=1015"},"modified":"2019-08-07T14:38:10","modified_gmt":"2019-08-07T12:38:10","slug":"forschung","status":"publish","type":"page","link":"https:\/\/klimagerechte-architektur.de\/archiv\/forschung\/","title":{"rendered":"FORSCHUNG"},"content":{"rendered":"<h4>FORSCHUNG UND EXPERIMENTELLES BAUEN<\/h4>\n<p>&nbsp;<\/p>\n<p>Wissen, Neugierde, Experiment und die fixe Idee, dass nachhaltige und angemessene Architektur dort entsteht wo das Alte und Bew\u00e4hrte mit dem guten Neuen zu einer neuen Allianz verkn\u00fcpft wird, f\u00fchrt uns als Architekten unweigerlich in den Bereich der angewandten Forschung. Deshalb verschieben wir die Grenzen des Denkens und Handelns und arbeiten auf neue Weise mit alten nat\u00fcrlichen Materialien, sei es Holz, Lehm, Stroh oder Stein. Wir \u00fcberlegen wie wir nat\u00fcrliche Klimafaktoren mit neuer Technologie verkn\u00fcpfen k\u00f6nnen und dies alles mit geringem Aufwand und hoher Effizienz. Wir sehen uns auch einer sozialen Komponente verpflichtet was gerechtes Handeln im globalen Kontext ber\u00fccksichtigt. Von daher erforschen und entwickeln wir nicht nur in Deutschland neue architektonische L\u00f6sungen, sondern beispielsweise auch f\u00fcr Kolumbien, Vietnam, Borneo (Indonesien). Viele dieser Forschungs- und Entwicklungsideen bringt Professor Andreas L\u00f6ffler in seine Lehre an der Architekturfakult\u00e4t der Hochschule f\u00fcr Technik (HFT) Stuttgart ein, was zu einer ganzen Reihe innovativer Praxisprojekte f\u00fchrte. Die dort gewonnenen Erkenntnisse fliesen wiederum zur\u00fcck in die eigene Berufspraxis und sind Impulse f\u00fcr eine Reihe innovativer Projekte des Architekturb\u00fcros.<\/p>\n<p>&nbsp;<\/p>\n","protected":false},"excerpt":{"rendered":"<p>FORSCHUNG UND EXPERIMENTELLES BAUEN &nbsp; Wissen, Neugierde, Experiment und die fixe Idee, dass nachhaltige und angemessene Architektur dort entsteht wo das Alte und Bew\u00e4hrte mit dem guten Neuen zu einer neuen Allianz verkn\u00fcpft wird, f\u00fchrt uns als Architekten unweigerlich in den Bereich der angewandten Forschung. Deshalb verschieben wir die Grenzen des Denkens und Handelns und [&hellip;]<\/p>\n","protected":false},"author":3,"featured_media":0,"parent":0,"menu_order":0,"comment_status":"closed","ping_status":"closed","template":"template-portfolio.php","meta":[],"_links":{"self":[{"href":"https:\/\/klimagerechte-architektur.de\/archiv\/wp-json\/wp\/v2\/pages\/1015"}],"collection":[{"href":"https:\/\/klimagerechte-architektur.de\/archiv\/wp-json\/wp\/v2\/pages"}],"about":[{"href":"https:\/\/klimagerechte-architektur.de\/archiv\/wp-json\/wp\/v2\/types\/page"}],"author":[{"embeddable":true,"href":"https:\/\/klimagerechte-architektur.de\/archiv\/wp-json\/wp\/v2\/users\/3"}],"replies":[{"embeddable":true,"href":"https:\/\/klimagerechte-architektur.de\/archiv\/wp-json\/wp\/v2\/comments?post=1015"}],"version-history":[{"count":0,"href":"https:\/\/klimagerechte-architektur.de\/archiv\/wp-json\/wp\/v2\/pages\/1015\/revisions"}],"wp:attachment":[{"href":"https:\/\/klimagerechte-architektur.de\/archiv\/wp-json\/wp\/v2\/media?parent=1015"}],"curies":[{"name":"wp","href":"https:\/\/api.w.org\/{rel}","templated":true}]}}