{"id":1039,"date":"2018-08-23T15:03:40","date_gmt":"2018-08-23T13:03:40","guid":{"rendered":"http:\/\/www.klimagerechte-architektur.de\/?page_id=1039"},"modified":"2023-02-01T09:45:37","modified_gmt":"2023-02-01T08:45:37","slug":"veroeffentlichungen","status":"publish","type":"page","link":"https:\/\/klimagerechte-architektur.de\/archiv\/buero\/veroeffentlichungen\/","title":{"rendered":"Auszeichnungen &#038; Ver\u00f6ffentlichungen"},"content":{"rendered":"<p>&nbsp;<\/p>\n<p><strong>Auszeichnungen<\/strong><\/p>\n<p>&nbsp;<\/p>\n<p>2022 Sonderpreis Deutscher Bauherrenpreis 2021 ausgelobt durch GdW, BDA und Deutscher St\u00e4dtetag f\u00fcr das Baugruppenprojekt <a href=\"https:\/\/klimagerechte-architektur.de\/archiv\/2022\/07\/31\/1138\/\">erlebnisreich wohnen in Balingen<\/a><\/p>\n<p><span class=\"daten\">2014<\/span>\u00a0\u00a0<span class=\"daten\">Auszeichnung f\u00fcr beispielhaftes Bauen der Architektenkammer Baden-W\u00fcrttemberg f\u00fcr das Gemeindezentrum in Sinzheim<\/span><\/p>\n<p>2013\u00a0\u00a0Auszeichnung f\u00fcr beispielhaftes Bauen der Kreisgruppe Karlsruhe der Architektenkammer Baden-W\u00fcrttemberg f\u00fcr das <a href=\"http:\/\/www.klimagerechte-architektur.de\/2019\/07\/21\/gemeindezentrum-in-karlsruhe\/\">Gemeindezentrum evangelisch-freikirchlichen Gemeinde<\/a> Ohiostra\u00dfe in Karlsruhe<\/p>\n<p><span class=\"daten\">2011\u00a0\u00a0 <\/span><span class=\"daten\">Auszeichnung Guter Bauten des BDA Baden-W\u00fcrttemberg f\u00fcr die Kindertagesst\u00e4tte der Europaschule in Karlsruhe<\/span><\/p>\n<p>2005 \u00a0\u00a0Ausstellung: Bauen mit Baugruppen (Projekte in Freiburg)<\/p>\n<p>2005\u00a0\u00a0Auszeichnung Guter Bauten des BDA Baden-W\u00fcrttemberg, Kammerbezirk Karlsruhe f\u00fcr das <a href=\"http:\/\/www.klimagerechte-architektur.de\/2005\/01\/01\/pflegezentrum-st-anna-karlsruhe\/\">Pflegezentrum St. Anna<\/a> in Karlsruhe<\/p>\n<p>1996\u00a0\u00a0Auszeichnung Guter Bauten des BDA Baden-W\u00fcrttemberg Kammerbezirk Karlsruhe f\u00fcr den B\u00fcrobau der <a href=\"http:\/\/www.klimagerechte-architektur.de\/1993\/01\/01\/oekologische-siedlung-geroldsaecker\/\">\u00d6kologische Siedlung Karlsruhe<\/a> in Karlsruhe<\/p>\n<p>1988\u00a0\u00a01. Preis \u201eHohe Qualit\u00e4t \u2013 niedrige Kosten\u201c des Bundesbauministeriums und des Bund Deutscher Architekten f\u00fcr das Mehrgenerationenhaus K\u00f6sliner Str. 74A in Karlsruhe<\/p>\n<p>&nbsp;<\/p>\n<p><img loading=\"lazy\" class=\"wp-image-1655 alignright\" src=\"http:\/\/www.klimagerechte-architektur.de\/wp-content\/uploads\/2019\/04\/OR_0318_Loeffler_Schmeling_Scheune_b3-1-212x300.jpg\" alt=\"\" width=\"387\" height=\"548\" srcset=\"https:\/\/klimagerechte-architektur.de\/archiv\/wp-content\/uploads\/2019\/04\/OR_0318_Loeffler_Schmeling_Scheune_b3-1-212x300.jpg 212w, https:\/\/klimagerechte-architektur.de\/archiv\/wp-content\/uploads\/2019\/04\/OR_0318_Loeffler_Schmeling_Scheune_b3-1-768x1086.jpg 768w, https:\/\/klimagerechte-architektur.de\/archiv\/wp-content\/uploads\/2019\/04\/OR_0318_Loeffler_Schmeling_Scheune_b3-1-724x1024.jpg 724w\" sizes=\"(max-width: 387px) 100vw, 387px\" \/><\/p>\n<hr \/>\n<p><strong>Ver\u00f6ffentlichungen<\/strong><\/p>\n<p>&nbsp;<\/p>\n<p><strong>Zeitschriften:<\/strong><\/p>\n<p>Architektur Exklusiv 01|21: <a href=\"https:\/\/klimagerechte-architektur.de\/archiv\/2019\/07\/22\/wohnungsbau-julius-bender-strasse-in-karlsruhe\/\">Sozialer Wohnungsbau &#8211; Hagsfeld<\/a><br \/>\nCUBE 03|18: <a href=\"http:\/\/www.klimagerechte-architektur.de\/2019\/06\/13\/wohnhaus-wolfartsweier-cube-magazin\/\">Wohnhaus Karlsruhe<\/a><br \/>\nDeutsche Bauzeitung 12\/94<br \/>\nArchitektur (\u00d6sterreichisches Fachmagazin) 10\/76<br \/>\nBaumeister 16 Exkursion: \u201eNeue Architektur in Karlsruhe\u201c<br \/>\nArchitektur und Technik (Schweiz) 12\/95<br \/>\nAIT \u201eTechnischer Ausbau im Wandel\u201c<br \/>\nAIT 11-12\/2002: <a href=\"http:\/\/www.klimagerechte-architektur.de\/2002\/03\/01\/passivhaus-pfalz-hagenbach\/\">Solarhaus in Hagenbach<\/a><br \/>\nXIA Intelligente Architektur 04-06\/2005: Artikel zur Hochschule f\u00fcr Technik (HFT) Stuttgart und zum Lichtlabor<br \/>\nXIA Intelligente Architektur 11-06\/2005: <a href=\"http:\/\/www.klimagerechte-architektur.de\/2005\/01\/01\/pflegezentrum-st-anna-karlsruhe\/\">Pflegezentrum St. Anna<\/a> in Karlsruhe<br \/>\nXIA Heft 01-03\/2014: Gemeindezentrum <a href=\"http:\/\/www.klimagerechte-architektur.de\/2019\/07\/21\/gemeindezentrum-in-karlsruhe\/\">Ohiostra\u00dfe in Karlsruhe<\/a>\/Faszination Lehmbau<\/p>\n<p>&nbsp;<\/p>\n<p><strong>B\u00fccher:<\/strong><\/p>\n<p>L\u00f6ffelhardt, Markus: Karlsruhe Neue Architektur. Edition Quadrat, 2018: &#8220;<a href=\"http:\/\/www.klimagerechte-architektur.de\/2009\/01\/01\/mensa-europaschule-karlsruhe\/\">Mensa der Europ\u00e4ischen Schule<\/a>&#8221; und &#8220;<a href=\"http:\/\/www.klimagerechte-architektur.de\/2019\/07\/21\/gemeindezentrum-in-karlsruhe\/\">Gemeindezentrum Ohiostra\u00dfe<\/a>&#8221;<br \/>\nStadt Mannheim: Gemeinschaftliche Wohnprojekte. NINO Druck\/ 2017: <a href=\"http:\/\/www.klimagerechte-architektur.de\/2019\/07\/19\/baugruppe-c7-kraemerhof-mannheim\/\">Baugruppe C7 Kr\u00e4merhof Mannheim<\/a><br \/>\nWohnungsbau in Baden W\u00fcrttemberg.<br \/>\nArchitektur im S\u00fcdwesten.<br \/>\nJunge Beitr\u00e4ge zur Architektur.<br \/>\nBund Deutscher Architekten: Architektur in Baden W\u00fcrttemberg 1993-96.<br \/>\nArchitektenkammer Baden-W\u00fcrttemberg: Bauen mit Freien Architekten<br \/>\nFuchs, D\u00f6rte\/Orth, Jutta: Bauen in der Gruppe, Callwey, 2000: <a href=\"http:\/\/www.klimagerechte-architektur.de\/1993\/01\/01\/oekologische-siedlung-geroldsaecker\/\">\u00d6kosiedlung Gerolds\u00e4cker<\/a>, <a href=\"http:\/\/www.klimagerechte-architektur.de\/2002\/02\/01\/baugruppe-genova-i-ii-freiburg\/\">Karlsruhe und Genova<\/a>, Freibung &#8211; Vauban<\/p>\n<p>&nbsp;<\/p>\n<p>&nbsp;<\/p>\n","protected":false},"excerpt":{"rendered":"<p>&nbsp; Auszeichnungen &nbsp; 2022 Sonderpreis Deutscher Bauherrenpreis 2021 ausgelobt durch GdW, BDA und Deutscher St\u00e4dtetag f\u00fcr das Baugruppenprojekt erlebnisreich wohnen in Balingen 2014\u00a0\u00a0Auszeichnung f\u00fcr beispielhaftes Bauen der Architektenkammer Baden-W\u00fcrttemberg f\u00fcr das Gemeindezentrum in Sinzheim 2013\u00a0\u00a0Auszeichnung f\u00fcr beispielhaftes Bauen der Kreisgruppe Karlsruhe der Architektenkammer Baden-W\u00fcrttemberg f\u00fcr das Gemeindezentrum evangelisch-freikirchlichen Gemeinde Ohiostra\u00dfe in Karlsruhe 2011\u00a0\u00a0 Auszeichnung Guter [&hellip;]<\/p>\n","protected":false},"author":3,"featured_media":0,"parent":2,"menu_order":0,"comment_status":"closed","ping_status":"closed","template":"","meta":[],"_links":{"self":[{"href":"https:\/\/klimagerechte-architektur.de\/archiv\/wp-json\/wp\/v2\/pages\/1039"}],"collection":[{"href":"https:\/\/klimagerechte-architektur.de\/archiv\/wp-json\/wp\/v2\/pages"}],"about":[{"href":"https:\/\/klimagerechte-architektur.de\/archiv\/wp-json\/wp\/v2\/types\/page"}],"author":[{"embeddable":true,"href":"https:\/\/klimagerechte-architektur.de\/archiv\/wp-json\/wp\/v2\/users\/3"}],"replies":[{"embeddable":true,"href":"https:\/\/klimagerechte-architektur.de\/archiv\/wp-json\/wp\/v2\/comments?post=1039"}],"version-history":[{"count":4,"href":"https:\/\/klimagerechte-architektur.de\/archiv\/wp-json\/wp\/v2\/pages\/1039\/revisions"}],"predecessor-version":[{"id":4883,"href":"https:\/\/klimagerechte-architektur.de\/archiv\/wp-json\/wp\/v2\/pages\/1039\/revisions\/4883"}],"up":[{"embeddable":true,"href":"https:\/\/klimagerechte-architektur.de\/archiv\/wp-json\/wp\/v2\/pages\/2"}],"wp:attachment":[{"href":"https:\/\/klimagerechte-architektur.de\/archiv\/wp-json\/wp\/v2\/media?parent=1039"}],"curies":[{"name":"wp","href":"https:\/\/api.w.org\/{rel}","templated":true}]}}