{"id":3071,"date":"2019-08-16T11:55:56","date_gmt":"2019-08-16T09:55:56","guid":{"rendered":"https:\/\/loeffler-schmeling-architekten.de\/?page_id=3071"},"modified":"2022-05-06T14:29:54","modified_gmt":"2022-05-06T12:29:54","slug":"bueroprofil","status":"publish","type":"page","link":"https:\/\/klimagerechte-architektur.de\/archiv\/buero\/bueroprofil\/","title":{"rendered":"B\u00fcroprofil"},"content":{"rendered":"<p>&nbsp;<\/p>\n<p><img loading=\"lazy\" class=\"alignnone  wp-image-4569\" src=\"https:\/\/klimagerechte-architektur.de\/archiv\/wp-content\/uploads\/2022\/05\/Portrait-3-Partner-300x160.jpg\" alt=\"\" width=\"598\" height=\"319\" srcset=\"https:\/\/klimagerechte-architektur.de\/archiv\/wp-content\/uploads\/2022\/05\/Portrait-3-Partner-300x160.jpg 300w, https:\/\/klimagerechte-architektur.de\/archiv\/wp-content\/uploads\/2022\/05\/Portrait-3-Partner-1024x546.jpg 1024w, https:\/\/klimagerechte-architektur.de\/archiv\/wp-content\/uploads\/2022\/05\/Portrait-3-Partner-768x410.jpg 768w, https:\/\/klimagerechte-architektur.de\/archiv\/wp-content\/uploads\/2022\/05\/Portrait-3-Partner-1536x819.jpg 1536w, https:\/\/klimagerechte-architektur.de\/archiv\/wp-content\/uploads\/2022\/05\/Portrait-3-Partner.jpg 1920w\" sizes=\"(max-width: 598px) 100vw, 598px\" \/><img loading=\"lazy\" class=\"alignnone wp-image-1214\" src=\"http:\/\/www.klimagerechte-architektur.de\/wp-content\/uploads\/2019\/02\/20181120_l\u00f6fflerschmeling_B\u00fcro_3-300x200.jpg\" alt=\"\" width=\"478\" height=\"318\" srcset=\"https:\/\/klimagerechte-architektur.de\/archiv\/wp-content\/uploads\/2019\/02\/20181120_l\u00f6fflerschmeling_B\u00fcro_3-300x200.jpg 300w, https:\/\/klimagerechte-architektur.de\/archiv\/wp-content\/uploads\/2019\/02\/20181120_l\u00f6fflerschmeling_B\u00fcro_3-768x512.jpg 768w, https:\/\/klimagerechte-architektur.de\/archiv\/wp-content\/uploads\/2019\/02\/20181120_l\u00f6fflerschmeling_B\u00fcro_3-1024x683.jpg 1024w\" sizes=\"(max-width: 478px) 100vw, 478px\" \/><\/p>\n<p>&nbsp;<\/p>\n<p style=\"text-align: left;\">Im Mittelpunkt unserer B\u00fcrot\u00e4tigkeit steht eine klimagerechte Architektur, die mit Mitteln der Architektur auf<\/p>\n<p style=\"text-align: left;\">die \u00e4u\u00dferen und klimatischen Bedingungen reagiert und damit ein angenehmes Innenklima schafft.<\/p>\n<p style=\"text-align: left;\">Die Geb\u00e4udetechnik wird dabei als integrales Element verstanden, das architektonische L\u00f6sungen unterst\u00fctzt.<\/p>\n<p>Dabei achten wir auf eine einfache, \u00f6kologische Materialverwendung; eine zeitlose und sich nicht modisch<br \/>\nverbrauchende Gestaltung und in allen Belangen nachhaltige Architektur.<\/p>\n<p>&nbsp;<\/p>\n<p class=\"listenEinleitung\">Bei unserer Arbeit legen wir gro\u00dfen Wert auf:<\/p>\n<ul>\n<li>solide Analyse der Aufgabenstellung<\/li>\n<li>Aufzeigen unterschiedlicher L\u00f6sungsans\u00e4tze<\/li>\n<li>sorgf\u00e4ltige Kostenermittlung<\/li>\n<li>offene Gespr\u00e4chskultur mit Bauherr und Handwerker<\/li>\n<li>einfache L\u00f6sungen<\/li>\n<li>nachhaltige Materialverwendung<\/li>\n<li>integraler Planungsprozess durch Einbindung der Ingenieure<\/li>\n<li>qualifizierte und motivierte Mitarbeiter\/- innen<\/li>\n<li>regelm\u00e4\u00dfige Schulungen<\/li>\n<\/ul>\n<hr \/>\n<h5><\/h5>\n<h5>Forschung und Entwicklung<\/h5>\n<p class=\"listenEinleitung\">Wir integrieren und unterst\u00fctzen die von Andreas L\u00f6ffler im Rahmen seiner Lehr- und Forschungst\u00e4tigkeiten<br \/>\nerworbene Expertise bewusst in unsere allt\u00e4gliche Arbeit. Diese sind:<\/p>\n<ul>\n<li>Lehmbau<\/li>\n<li>Tageslichtplanung<\/li>\n<li>Entwicklung von unter anderem Bausystemen f\u00fcr tempor\u00e4re Bauten oder Bauten in Entwicklungsl\u00e4ndern<\/li>\n<\/ul>\n","protected":false},"excerpt":{"rendered":"<p>&nbsp; &nbsp; Im Mittelpunkt unserer B\u00fcrot\u00e4tigkeit steht eine klimagerechte Architektur, die mit Mitteln der Architektur auf die \u00e4u\u00dferen und klimatischen Bedingungen reagiert und damit ein angenehmes Innenklima schafft. Die Geb\u00e4udetechnik wird dabei als integrales Element verstanden, das architektonische L\u00f6sungen unterst\u00fctzt. Dabei achten wir auf eine einfache, \u00f6kologische Materialverwendung; eine zeitlose und sich nicht modisch verbrauchende [&hellip;]<\/p>\n","protected":false},"author":3,"featured_media":0,"parent":2,"menu_order":0,"comment_status":"closed","ping_status":"closed","template":"","meta":[],"_links":{"self":[{"href":"https:\/\/klimagerechte-architektur.de\/archiv\/wp-json\/wp\/v2\/pages\/3071"}],"collection":[{"href":"https:\/\/klimagerechte-architektur.de\/archiv\/wp-json\/wp\/v2\/pages"}],"about":[{"href":"https:\/\/klimagerechte-architektur.de\/archiv\/wp-json\/wp\/v2\/types\/page"}],"author":[{"embeddable":true,"href":"https:\/\/klimagerechte-architektur.de\/archiv\/wp-json\/wp\/v2\/users\/3"}],"replies":[{"embeddable":true,"href":"https:\/\/klimagerechte-architektur.de\/archiv\/wp-json\/wp\/v2\/comments?post=3071"}],"version-history":[{"count":2,"href":"https:\/\/klimagerechte-architektur.de\/archiv\/wp-json\/wp\/v2\/pages\/3071\/revisions"}],"predecessor-version":[{"id":4570,"href":"https:\/\/klimagerechte-architektur.de\/archiv\/wp-json\/wp\/v2\/pages\/3071\/revisions\/4570"}],"up":[{"embeddable":true,"href":"https:\/\/klimagerechte-architektur.de\/archiv\/wp-json\/wp\/v2\/pages\/2"}],"wp:attachment":[{"href":"https:\/\/klimagerechte-architektur.de\/archiv\/wp-json\/wp\/v2\/media?parent=3071"}],"curies":[{"name":"wp","href":"https:\/\/api.w.org\/{rel}","templated":true}]}}