{"id":3528,"date":"2021-07-02T08:24:37","date_gmt":"2021-07-02T06:24:37","guid":{"rendered":"https:\/\/loeffler-schmeling-architekten.de\/?page_id=3528"},"modified":"2022-04-14T09:02:27","modified_gmt":"2022-04-14T07:02:27","slug":"andres-cordoba-tejada","status":"publish","type":"page","link":"https:\/\/klimagerechte-architektur.de\/archiv\/buero\/andres-cordoba-tejada\/","title":{"rendered":"Andr\u00e9s C\u00f3rdoba Tejada"},"content":{"rendered":"<h1><img loading=\"lazy\" class=\"alignnone size-medium wp-image-3750\" src=\"https:\/\/klimagerechte-architektur.de\/archiv\/wp-content\/uploads\/2021\/07\/Portrait-Andres-tz-300x300.jpg\" alt=\"\" width=\"300\" height=\"300\" srcset=\"https:\/\/klimagerechte-architektur.de\/archiv\/wp-content\/uploads\/2021\/07\/Portrait-Andres-tz-300x300.jpg 300w, https:\/\/klimagerechte-architektur.de\/archiv\/wp-content\/uploads\/2021\/07\/Portrait-Andres-tz-1024x1024.jpg 1024w, https:\/\/klimagerechte-architektur.de\/archiv\/wp-content\/uploads\/2021\/07\/Portrait-Andres-tz-150x150.jpg 150w, https:\/\/klimagerechte-architektur.de\/archiv\/wp-content\/uploads\/2021\/07\/Portrait-Andres-tz-768x768.jpg 768w, https:\/\/klimagerechte-architektur.de\/archiv\/wp-content\/uploads\/2021\/07\/Portrait-Andres-tz.jpg 1181w\" sizes=\"(max-width: 300px) 100vw, 300px\" \/><\/h1>\n<h1><\/h1>\n<h1>Andr\u00e9s C\u00f3rdoba Tejada, Architekt M.A.<\/h1>\n<p>Geboren 1981 in Cartago, Valle &#8211; Kolumbien<\/p>\n<p>&nbsp;<\/p>\n<p><strong>2007 &#8211; 2015<br \/>\n<\/strong><\/p>\n<p>Architekturstudium an der Hochschule f\u00fcr Technik Stuttgart (Master)<\/p>\n<p><strong>2007 &#8211; 2009<br \/>\n<\/strong><\/p>\n<p>Diverse Praktika bei Herberger Bau, Stuttgart<\/p>\n<p><strong>2009<\/strong><\/p>\n<p>Auslandssemester in Spanien an der Technischen Universit\u00e4t von Granada, Spanien \u2013 Fachbereich Architektur<\/p>\n<p><strong>2009<\/strong><\/p>\n<p>Volunteer bei LAAC (Laboratorio de Arqueolog\u00eda y Arquitectura de la Ciudad), Staatliches Labor f\u00fcr Architektur und Arch\u00e4ologie, Granada \u2013 Spanien<\/p>\n<p><strong>2012 \u2013 2013<\/strong><\/p>\n<p>Praktika im Ingenieurb\u00fcro St\u00fcmpert-Strunk, Friedrichshafen<\/p>\n<p><strong>2013 &#8211; 2014<\/strong><\/p>\n<p>Wissenschaftlicher Mitarbeiter, Internationales Projekt: Informelles Bauen \u2013 Kolumbien, Hochschule f\u00fcr Technik Stuttgart<\/p>\n<p><strong>2013 \u2013 2014<\/strong><\/p>\n<p>Werkstudent im Architekturb\u00fcro L\u00f6ffler_Schmeling Architekten PartG, Karlsruhe<\/p>\n<p><strong>2014 \u2013 2015<\/strong><\/p>\n<p>Projekt: Villa Stroh, konstruktiver und investigativer Workshop mit Strohballen, Hochschule f\u00fcr Technik Stuttgart<\/p>\n<p><strong>2015 \u2013 2016<\/strong><\/p>\n<p>AiP im Architekturb\u00fcro ZERO Architetur Mahl+Zoller, S\u00fclzdorf &#8211; Schw\u00e4bisch Hall<\/p>\n<p><strong>2016 \u2013 2017<\/strong><\/p>\n<p>AiP im Architekturb\u00fcro L\u00f6ffler_Schmeling Architekten PartG, Karlsruhe<\/p>\n<p><strong>2017 \u2013 2020<\/strong><\/p>\n<p>Mitarbeiter im Architekturb\u00fcro L\u00f6ffler_Schmeling Architekten PartGmbB, Karlsruhe<\/p>\n<p><strong>Seit 2021<\/strong><\/p>\n<p>Partner im B\u00fcro L\u00f6ffler_Schmeling Architekten PartGmbB, Karlsruhe<\/p>\n<p><strong>Seit 2022<\/strong><\/p>\n<p>Lehrbeauftragter, Fakult\u00e4t Architektur und Gestaltung, Fachbereich Baukonstruktion und Entwerfen, Studieng\u00e4nge Architektur und KlimaEngineering, Professor Ralf Petersen, Hochschule f\u00fcr Technik Stuttgart<\/p>\n","protected":false},"excerpt":{"rendered":"<p>Andr\u00e9s C\u00f3rdoba Tejada, Architekt M.A. Geboren 1981 in Cartago, Valle &#8211; Kolumbien &nbsp; 2007 &#8211; 2015 Architekturstudium an der Hochschule f\u00fcr Technik Stuttgart (Master) 2007 &#8211; 2009 Diverse Praktika bei Herberger Bau, Stuttgart 2009 Auslandssemester in Spanien an der Technischen Universit\u00e4t von Granada, Spanien \u2013 Fachbereich Architektur 2009 Volunteer bei LAAC (Laboratorio de Arqueolog\u00eda y [&hellip;]<\/p>\n","protected":false},"author":3,"featured_media":0,"parent":2,"menu_order":0,"comment_status":"closed","ping_status":"closed","template":"template-about.php","meta":[],"_links":{"self":[{"href":"https:\/\/klimagerechte-architektur.de\/archiv\/wp-json\/wp\/v2\/pages\/3528"}],"collection":[{"href":"https:\/\/klimagerechte-architektur.de\/archiv\/wp-json\/wp\/v2\/pages"}],"about":[{"href":"https:\/\/klimagerechte-architektur.de\/archiv\/wp-json\/wp\/v2\/types\/page"}],"author":[{"embeddable":true,"href":"https:\/\/klimagerechte-architektur.de\/archiv\/wp-json\/wp\/v2\/users\/3"}],"replies":[{"embeddable":true,"href":"https:\/\/klimagerechte-architektur.de\/archiv\/wp-json\/wp\/v2\/comments?post=3528"}],"version-history":[{"count":7,"href":"https:\/\/klimagerechte-architektur.de\/archiv\/wp-json\/wp\/v2\/pages\/3528\/revisions"}],"predecessor-version":[{"id":3751,"href":"https:\/\/klimagerechte-architektur.de\/archiv\/wp-json\/wp\/v2\/pages\/3528\/revisions\/3751"}],"up":[{"embeddable":true,"href":"https:\/\/klimagerechte-architektur.de\/archiv\/wp-json\/wp\/v2\/pages\/2"}],"wp:attachment":[{"href":"https:\/\/klimagerechte-architektur.de\/archiv\/wp-json\/wp\/v2\/media?parent=3528"}],"curies":[{"name":"wp","href":"https:\/\/api.w.org\/{rel}","templated":true}]}}