{"id":677,"date":"2018-07-16T21:05:51","date_gmt":"2018-07-16T19:05:51","guid":{"rendered":"http:\/\/www.klimagerechte-architektur.de\/?page_id=677"},"modified":"2021-08-27T12:35:31","modified_gmt":"2021-08-27T10:35:31","slug":"impressum","status":"publish","type":"page","link":"https:\/\/klimagerechte-architektur.de\/archiv\/impressum\/","title":{"rendered":"Impressum"},"content":{"rendered":"<p>&nbsp;<\/p>\n<h1><strong>Impressum<\/strong><\/h1>\n<p>&nbsp;<\/p>\n<p>Architekturb\u00fcro:<br \/>\nL\u00f6ffler_Schmeling Architekten<br \/>\nWaldstra\u00dfe 58<br \/>\n76133 Karlsruhe<\/p>\n<p>Gesch\u00e4ftsf\u00fchrer:<\/p>\n<p>Prof. Dipl.-Ing. Andreas L\u00f6ffler BDA DWB<br \/>\nDipl.-Ing. Matthias Schmeling BDA<br \/>\nM.A. Architekt Andr\u00e9s C\u00f3rdoba Tejada<\/p>\n<p>&nbsp;<\/p>\n<p>Die freien Architekten Prof. Andreas L\u00f6ffler und Dipl.-Ing. Matthias Schmeling sind eingetragene Mitglieder der Architektenkammer Baden-W\u00fcrttemberg, Danneckerstra\u00dfe 54, D-70182 Stuttgart, Bundesrepublik Deutschland. Hieraus ergibt sich die Berechtigung zum F\u00fchren der Berufsbezeichnung.<br \/>\nDie berufsrechtlichen Bestimmungen, insbesondere das Architektengesetz Baden-W\u00fcrttemberg sowie die Berufsordnung, sind einsehbar auf der Homepage der Architektenkammer Baden-W\u00fcrttemberg:<br \/>\nhttp:\/\/www.akbw.de\/download\/architektengesetz.pdf<br \/>\nhttp:\/\/www.akbw.de\/download\/berufsordnung.pdf.<\/p>\n<p>&nbsp;<\/p>\n<p>Amtsgericht: Mannheim PR 700 256<br \/>\nUst.-Ident. Nr.: DE 815499234<\/p>\n<p>Telefon: +49-(0) 721 47000999<br \/>\nE-Mail: <a href=\"mailto:info@loeffler-schmeling-architekten.de\">info@loeffler-schmeling-architekten.de<\/a><\/p>\n<p>&nbsp;<\/p>\n<p>Bildnachweis:<\/p>\n<p>dzine<br \/>\nElias Siebert<br \/>\nJ\u00fcrgen Vogt<br \/>\nMartin Duckek<br \/>\nOliver Rieger<br \/>\nStephan Baumann<\/p>\n<p>&nbsp;<\/p>\n<p>Texte: Arne Barth und L\u00f6ffler_Schmeling Architekten<br \/>\nTechnische Beratung: Jens Degner, degners.com<\/p>\n<p>&nbsp;<\/p>\n<p><strong>Disclaimer &#8211; rechtliche Hinweise<\/strong><\/p>\n<p><strong>1. Haftungsbeschr\u00e4nkung<\/strong><\/p>\n<p><strong>Inhalte dieser Website<\/strong><\/p>\n<p>Die Inhalte dieser Website werden mit gr\u00f6\u00dftm\u00f6glicher Sorgfalt erstellt. Der Anbieter \u00fcbernimmt jedoch keine Gew\u00e4hr f\u00fcr die Richtigkeit, Vollst\u00e4ndigkeit und Aktualit\u00e4t der bereitgestellten Inhalte. Die Nutzung der Inhalte der Website erfolgt auf eigene Gefahr des Nutzers. Namentlich gekennzeichnete Beitr\u00e4ge geben die Meinung des jeweiligen Autors und nicht immer die Meinung des Anbieters wieder.<\/p>\n<p><strong>Verf\u00fcgbarkeit der Website<\/strong><\/p>\n<p>Der Anbieter wird sich bem\u00fchen, den Dienst m\u00f6glichst unterbrechungsfrei zum Abruf anzubieten. Auch bei aller Sorgfalt k\u00f6nnen aber Ausfallzeiten nicht ausgeschlossen werden. Der Anbieter beh\u00e4lt sich das Recht vor, sein Angebot jederzeit zu \u00e4ndern oder einzustellen.<\/p>\n<p><strong>Externe Links<\/strong><\/p>\n<p>Diese Website enth\u00e4lt Verkn\u00fcpfungen zu Websites Dritter (&#8220;externe Links&#8221;). Diese Websites unterliegen der Haftung der jeweiligen Betreiber. Der Anbieter hat bei der erstmaligen Verkn\u00fcpfung der externen Links die fremden Inhalte daraufhin \u00fcberpr\u00fcft, ob etwaige Rechtsverst\u00f6\u00dfe bestehen. Zu dem Zeitpunkt waren keine Rechtsverst\u00f6\u00dfe ersichtlich. Der Anbieter hat keinerlei Einfluss auf die aktuelle und zuk\u00fcnftige Gestaltung und auf die Inhalte der verkn\u00fcpften Seiten. Das Setzen von externen Links bedeutet nicht, dass sich der Anbieter die hinter dem Verweis oder Link liegenden Inhalte zu Eigen macht. Eine st\u00e4ndige Kontrolle dieser externen Links ist f\u00fcr den Anbieter ohne konkrete Hinweise auf Rechtsverst\u00f6\u00dfe nicht zumutbar. Bei Kenntnis von Rechtsverst\u00f6\u00dfen werden jedoch derartige externe Links unverz\u00fcglich gel\u00f6scht.<\/p>\n<p><strong>Werbeanzeigen<\/strong><\/p>\n<p>F\u00fcr den Inhalt der Werbeanzeigen ist der jeweilige Autor verantwortlich, ebenso wie f\u00fcr den Inhalt der beworbenen Website. Die Darstellung der Werbeanzeige stellt keine Akzeptanz durch den Anbieter dar.<\/p>\n<p><strong>Kein Vertragsverh\u00e4ltnis<\/strong><\/p>\n<p>Mit der Nutzung der Website des Anbieters kommt keinerlei Vertragsverh\u00e4ltnis zwischen dem Nutzer und dem Anbieter zustande. Insofern ergeben sich auch keinerlei vertragliche oder quasivertragliche Anspr\u00fcche gegen den Anbieter.<\/p>\n<p><strong>2. Urheberrecht<\/strong><\/p>\n<p>Die auf dieser Website ver\u00f6ffentlichten Inhalte unterliegen dem deutschen Urheberrecht. Jede vom deutschen Urheberrecht nicht zugelassene Verwertung bedarf der vorherigen schriftlichen Zustimmung des Anbieters oder jeweiligen Rechteinhabers. Dies gilt insbesondere f\u00fcr Vervielf\u00e4ltigung, Bearbeitung, \u00dcbersetzung, Einspeicherung, Verarbeitung bzw. Wiedergabe von Inhalten in Datenbanken oder anderen elektronischen Medien und Systemen. Inhalte und Rechte Dritter sind dabei als solche gekennzeichnet. Die unerlaubte Vervielf\u00e4ltigung oder Weitergabe einzelner Inhalte oder kompletter Seiten ist nicht gestattet und strafbar. Lediglich die Herstellung von Kopien und Downloads f\u00fcr den pers\u00f6nlichen, privaten und nicht kommerziellen Gebrauch ist erlaubt.<\/p>\n<p>Links zur Website des Anbieters sind jederzeit willkommen und bed\u00fcrfen keiner Zustimmung durch den Anbieter der Website. Die Darstellung dieser Website in fremden Frames ist nur mit Erlaubnis zul\u00e4ssig.<\/p>\n<p><strong>3. Datenschutz<\/strong><\/p>\n<p>Durch den Besuch der Website des Anbieters k\u00f6nnen Informationen \u00fcber den Zugriff (Datum, Uhrzeit, betrachtete Seite) auf dem Server gespeichert werden. Diese Daten geh\u00f6ren nicht zu den personenbezogenen Daten, sondern sind anonymisiert. Sie werden ausschlie\u00dflich zu statistischen Zwecken ausgewertet. Eine Weitergabe an Dritte, zu kommerziellen oder nichtkommerziellen Zwecken, findet nicht statt.<\/p>\n<p>Der Anbieter weist ausdr\u00fccklich darauf hin, dass die Daten\u00fcbertragung im Internet (z.B. bei der Kommunikation per E-Mail) Sicherheitsl\u00fccken aufweisen und nicht l\u00fcckenlos vor dem Zugriff durch Dritte gesch\u00fctzt werden kann.<\/p>\n<p>Die Verwendung der Kontaktdaten des Impressums zur gewerblichen Werbung ist ausdr\u00fccklich nicht erw\u00fcnscht, es sei denn der Anbieter hatte zuvor seine schriftliche Einwilligung erteilt oder es besteht bereits eine Gesch\u00e4ftsbeziehung. Der Anbieter und alle auf dieser Website genannten Personen widersprechen hiermit jeder kommerziellen Verwendung und Weitergabe ihrer Daten.<\/p>\n<p><strong>4. Anwendbares Recht<\/strong><\/p>\n<p>Es gilt ausschlie\u00dflich das ma\u00dfgebliche Recht der Bundesrepublik Deutschland.<\/p>\n<p><strong>5. Besondere Nutzungsbedingungen<\/strong><\/p>\n<p>Soweit besondere Bedingungen f\u00fcr einzelne Nutzungen dieser Website von den vorgenannten Nummern 1. bis 4. abweichen, wird an entsprechender Stelle ausdr\u00fccklich darauf hingewiesen. In diesem Falle gelten im jeweiligen Einzelfall die besonderen Nutzungsbedingungen.<\/p>\n<p>Quelle: <a href=\"http:\/\/www.juraforum.de\/\">Juraforum.de<\/a> &#8211; <a href=\"http:\/\/www.juraforum.de\/disclaimer_muster\/\">Disclaimer<\/a>, <a href=\"http:\/\/www.juraforum.de\/urteile\/\">Urteile<\/a>, <a href=\"http:\/\/www.juraforum.de\/rechtsanwalt\/\">Rechtsanw\u00e4lte<\/a>, <a href=\"http:\/\/www.juraforum.de\/gesetze\/\">Gesetze<\/a> &amp; <a href=\"http:\/\/www.juraforum.de\/lexikon\/\">Lexikon<\/a><\/p>\n","protected":false},"excerpt":{"rendered":"<p>&nbsp; Impressum &nbsp; Architekturb\u00fcro: L\u00f6ffler_Schmeling Architekten Waldstra\u00dfe 58 76133 Karlsruhe Gesch\u00e4ftsf\u00fchrer: Prof. Dipl.-Ing. Andreas L\u00f6ffler BDA DWB Dipl.-Ing. Matthias Schmeling BDA M.A. Architekt Andr\u00e9s C\u00f3rdoba Tejada &nbsp; Die freien Architekten Prof. Andreas L\u00f6ffler und Dipl.-Ing. Matthias Schmeling sind eingetragene Mitglieder der Architektenkammer Baden-W\u00fcrttemberg, Danneckerstra\u00dfe 54, D-70182 Stuttgart, Bundesrepublik Deutschland. Hieraus ergibt sich die Berechtigung zum [&hellip;]<\/p>\n","protected":false},"author":3,"featured_media":0,"parent":0,"menu_order":0,"comment_status":"closed","ping_status":"closed","template":"","meta":[],"_links":{"self":[{"href":"https:\/\/klimagerechte-architektur.de\/archiv\/wp-json\/wp\/v2\/pages\/677"}],"collection":[{"href":"https:\/\/klimagerechte-architektur.de\/archiv\/wp-json\/wp\/v2\/pages"}],"about":[{"href":"https:\/\/klimagerechte-architektur.de\/archiv\/wp-json\/wp\/v2\/types\/page"}],"author":[{"embeddable":true,"href":"https:\/\/klimagerechte-architektur.de\/archiv\/wp-json\/wp\/v2\/users\/3"}],"replies":[{"embeddable":true,"href":"https:\/\/klimagerechte-architektur.de\/archiv\/wp-json\/wp\/v2\/comments?post=677"}],"version-history":[{"count":4,"href":"https:\/\/klimagerechte-architektur.de\/archiv\/wp-json\/wp\/v2\/pages\/677\/revisions"}],"predecessor-version":[{"id":3822,"href":"https:\/\/klimagerechte-architektur.de\/archiv\/wp-json\/wp\/v2\/pages\/677\/revisions\/3822"}],"wp:attachment":[{"href":"https:\/\/klimagerechte-architektur.de\/archiv\/wp-json\/wp\/v2\/media?parent=677"}],"curies":[{"name":"wp","href":"https:\/\/api.w.org\/{rel}","templated":true}]}}