{"id":684,"date":"2018-07-16T21:15:15","date_gmt":"2018-07-16T19:15:15","guid":{"rendered":"http:\/\/www.klimagerechte-architektur.de\/?page_id=684"},"modified":"2019-07-25T12:30:39","modified_gmt":"2019-07-25T10:30:39","slug":"andreas-loeffler","status":"publish","type":"page","link":"https:\/\/klimagerechte-architektur.de\/archiv\/buero\/andreas-loeffler\/","title":{"rendered":"Andreas L\u00f6ffler"},"content":{"rendered":"<p><img loading=\"lazy\" class=\"wp-image-782 alignnone\" src=\"http:\/\/www.klimagerechte-architektur.de\/wp-content\/uploads\/2018\/07\/Andreas2.jpg\" alt=\"\" width=\"315\" height=\"315\" srcset=\"https:\/\/klimagerechte-architektur.de\/archiv\/wp-content\/uploads\/2018\/07\/Andreas2.jpg 270w, https:\/\/klimagerechte-architektur.de\/archiv\/wp-content\/uploads\/2018\/07\/Andreas2-150x150.jpg 150w\" sizes=\"(max-width: 315px) 100vw, 315px\" \/><\/p>\n<h1>Prof. Dipl.-Ing. Andreas L\u00f6ffler<\/h1>\n<p>Geboren 1954, verheiratet, drei Kinder<\/p>\n<p>&nbsp;<\/p>\n<p><strong>1976-1984<\/strong><\/p>\n<p>Diplom bei Professor Ottokar Uhl an der Technischen Universit\u00e4t (heutiges Institut f\u00fcr Technologie), Karlsruhe<\/p>\n<p>Architekturstudium an der Technischen Universit\u00e4t (heutiges Institut f\u00fcr Technologie), Karlsruhe<\/p>\n<p><strong>1984-1985<\/strong><\/p>\n<p>Realisierung der Diplomarbeit, Wohninitiative Mehrgenerationenwohnen, Karlsruhe<\/p>\n<p>1988, 1. Preis des Bundesbauministerium und des Bundes Deutscher Architekten (BDA)<\/p>\n<p><strong>1985-1990<\/strong><\/p>\n<p>Wissenschaftlicher Mitarbeiter (Assistent), Institut f\u00fcr St\u00e4dtebau, Lehrstuhl f\u00fcr Wohnungsbau, Siedlungswesen und Entwerfen, Professor G\u00fcnther Uhlig, Technische Universit\u00e4t Karlsruhe<\/p>\n<p><strong>seit 1986<\/strong><\/p>\n<p>Freier Architekt, Gr\u00fcndung des B\u00fcros: L\u00f6ffler + Schneider, Karlsruhe<\/p>\n<p><strong>seit 1990<\/strong><\/p>\n<p>Mitglied im Deutschen Werkbund (DWB)<\/p>\n<p><strong>1994-2014<\/strong><\/p>\n<p>Gr\u00fcnder und Partner im B\u00fcro PIA Architekten, Karlsruhe\/Mannheim<\/p>\n<p><strong>seit 1995<\/strong><\/p>\n<p>Mitglied im Bund Deutscher Architekten (BDA)<\/p>\n<p><strong>seit 1996<\/strong><\/p>\n<p>Professor an der Hochschule f\u00fcr Technik Stuttgart, Fachbereich Architektur, Schwerpunkt klimagerechte Architektur und Geb\u00e4udetechnik, Stuttgart<\/p>\n<p><strong>2000<\/strong><\/p>\n<p>Tr\u00e4ger des Landeslehrpreises Baden-W\u00fcrttemberg<\/p>\n<p><strong>2002-2009<\/strong><\/p>\n<p>Wissenschaftlicher Beirat der Donauuniversit\u00e4t Krems, Masterstudiengang Master of Building Science, Klima-Engineering<\/p>\n<p><strong>seit 2006 <\/strong><\/p>\n<p>Forschungs- und Beratungst\u00e4tigkeit im Bereich Tageslichtplanung und klimagerechter Architektur im In- und Ausland<\/p>\n<p><strong>2007-2013<\/strong><\/p>\n<p>Dekan der Fakult\u00e4t Architektur und Gestaltung der Hochschule f\u00fcr Technik, Stuttgart<\/p>\n<p><strong>2014<\/strong><\/p>\n<p>Gr\u00fcndung des B\u00fcros L\u00f6ffler_Schmeling Architekten mit den Schwerpunkten klimagerechte Architektur, Siedlungsplanung und Projektentwicklung, Karlsruhe<\/p>\n<p>&nbsp;<\/p>\n","protected":false},"excerpt":{"rendered":"<p>Prof. Dipl.-Ing. Andreas L\u00f6ffler Geboren 1954, verheiratet, drei Kinder &nbsp; 1976-1984 Diplom bei Professor Ottokar Uhl an der Technischen Universit\u00e4t (heutiges Institut f\u00fcr Technologie), Karlsruhe Architekturstudium an der Technischen Universit\u00e4t (heutiges Institut f\u00fcr Technologie), Karlsruhe 1984-1985 Realisierung der Diplomarbeit, Wohninitiative Mehrgenerationenwohnen, Karlsruhe 1988, 1. Preis des Bundesbauministerium und des Bundes Deutscher Architekten (BDA) 1985-1990 Wissenschaftlicher [&hellip;]<\/p>\n","protected":false},"author":3,"featured_media":0,"parent":2,"menu_order":0,"comment_status":"closed","ping_status":"closed","template":"template-about.php","meta":[],"_links":{"self":[{"href":"https:\/\/klimagerechte-architektur.de\/archiv\/wp-json\/wp\/v2\/pages\/684"}],"collection":[{"href":"https:\/\/klimagerechte-architektur.de\/archiv\/wp-json\/wp\/v2\/pages"}],"about":[{"href":"https:\/\/klimagerechte-architektur.de\/archiv\/wp-json\/wp\/v2\/types\/page"}],"author":[{"embeddable":true,"href":"https:\/\/klimagerechte-architektur.de\/archiv\/wp-json\/wp\/v2\/users\/3"}],"replies":[{"embeddable":true,"href":"https:\/\/klimagerechte-architektur.de\/archiv\/wp-json\/wp\/v2\/comments?post=684"}],"version-history":[{"count":0,"href":"https:\/\/klimagerechte-architektur.de\/archiv\/wp-json\/wp\/v2\/pages\/684\/revisions"}],"up":[{"embeddable":true,"href":"https:\/\/klimagerechte-architektur.de\/archiv\/wp-json\/wp\/v2\/pages\/2"}],"wp:attachment":[{"href":"https:\/\/klimagerechte-architektur.de\/archiv\/wp-json\/wp\/v2\/media?parent=684"}],"curies":[{"name":"wp","href":"https:\/\/api.w.org\/{rel}","templated":true}]}}