{"id":689,"date":"2018-07-16T21:15:15","date_gmt":"2018-07-16T19:15:15","guid":{"rendered":"http:\/\/www.klimagerechte-architektur.de\/?page_id=689"},"modified":"2021-01-07T16:26:03","modified_gmt":"2021-01-07T15:26:03","slug":"chronik","status":"publish","type":"page","link":"https:\/\/klimagerechte-architektur.de\/archiv\/chronik\/","title":{"rendered":"Chronik"},"content":{"rendered":"<p>&nbsp;<\/p>\n<h2><\/h2>\n<h1>CHRONIK<\/h1>\n<p>&nbsp;<\/p>\n<p><strong>2021<\/strong><\/p>\n<p>Projekt: Baubeginn, Evangelische-Freikirchliche Gemeinde (Baptisten), Reutlingen<\/p>\n<p>&nbsp;<\/p>\n<p><strong>2020<\/strong><\/p>\n<p>Projekt: Fertigstellung, Baugruppe, Bruchsal<\/p>\n<p>Projekt: Bauvorbescheid, Evangelische-Freikirchliche Gemeinde (Baptisten), Reutlingen<\/p>\n<p>&nbsp;<\/p>\n<p><strong>2019<\/strong><\/p>\n<p>Projekt: Planung, Modularer Holzbau, Ettlingen &#8211; Bruchhausen<\/p>\n<p>&nbsp;<\/p>\n<p><strong>2018<\/strong><\/p>\n<p>Projekt: Fertigstellung, Sozialer Wohnungsbau, Ruschgraben\/Julius-Bender-Stra\u00dfe, Karlsruhe-Hagsfeld<br \/>\nProjekt: Planung, Pflegezentrum Walzbachtal, Karlsruhe-J\u00f6hlingen<br \/>\nProjekt: Planung, Baugruppe M\u00fchleb\u00e4chle, Sexau<br \/>\nForschung: Start &#8220;Entwicklung eines neuen nachhaltigen Holzbausystems&#8221;, Borneo (Indonesien)<\/p>\n<p>&nbsp;<\/p>\n<p><strong>2017<\/strong><\/p>\n<p>Projekt: Fertigstellung, Wohnhaus, Scheunenumbau, Karlsruhe-Wolfartsweier<br \/>\nProjekt: Fertigstellung, Baugruppe C7, Kr\u00e4merhof, Mannheim<br \/>\nProjekt: Planung, Wohnhaus Siemensallee, Karlsruhe-M\u00fchlburg<br \/>\nWettbewerb: 1. Preis, Mehrfachbeauftragung, Baptisten Reutlingen, Evangelisch-Freikirchliche Gemeinde, Machbarkeitsstudie<br \/>\nWettbewerb: 1. Preis; Steingauquartier, Kirchheim unter Teck<br \/>\nWettbewerb: Karl-Friedrich-Ged\u00e4chtniskirche, Karlsruhe<br \/>\nWettbewerb: Seniorenzentrum Augustenburg, Karlsruhe-Gr\u00f6tzingen<br \/>\nWettbewerb: Karl-Wei\u00df-Zentrum Funari, Mannheim<br \/>\nForschung: Farm Krumhuk (Masterplan und erster Bauabschnitt), Namibia<\/p>\n<p>&nbsp;<\/p>\n<p><strong>2016<\/strong><\/p>\n<p>Projekt: Planung, Baugruppe &#8220;erlebnisreich wohnen&#8221;, Balingen<br \/>\nProjekt: Planung, Adventgemeinde, Karlsruhe<br \/>\nProjekt: Planung, Kindertagesst\u00e4tte, W\u00fcstenrot<br \/>\nProjekt: Planung, Waschhaus Muslime, Mannheim<br \/>\nWettbewerb: Wohnsiedlung Elsternweg, Rheinbergstra\u00dfe, Karlsruhe-Knielingen<br \/>\nWettbewerb: Kindertagesst\u00e4tte Villa Regenbogen, Karlsruhe- Oberreut<\/p>\n<p>&nbsp;<\/p>\n<p><strong>2015<\/strong><\/p>\n<p>Projekt: Planung, Sozialer Wohnungsbau, Ruschgraben\/Julius-Bender-Stra\u00dfe, Karlsruhe-Hagsfeld<br \/>\nProjekt: Planung, Quartiersentwicklung Seniorenzentrum, Karlsruhe-Stutensee<\/p>\n<p>Machbarkeitsstudie: Kindertagesst\u00e4tte, W\u00fcstenrot<br \/>\nForschung: Start und Abschluss, Villa Stroh, Stadtgarten, Stuttgart<br \/>\nWettbewerb: Neugestaltung Innenraum Kirche, Dillwei\u00dfenstein<br \/>\nWettbewerb: Bahnhofsareal, Schw\u00e4bisch Hall<br \/>\nWettbewerb: Bleichweg, Bruchsal<\/p>\n<p>&nbsp;<\/p>\n<p><strong>2014\u00a0<\/strong><\/p>\n<p><strong>Gr\u00fcndung B\u00fcro L\u00f6ffler_Schmeling<\/strong><br \/>\nProjekt: Fertigstellung, Erweiterung Mensa, Europaschule, Karlsruhe<br \/>\nWettbewerb: 1.Preis, Mehrfachbeauftragung Tunnelportale, Abluftt\u00fcrme, Stadtgestaltung, Kriegsstra\u00dfe, Karlsruhe<br \/>\nForschung: Abschluss des Forschungsprojektes &#8220;Kolumbien &#8211; Experimentelles Bauen und Forschung&#8221;<\/p>\n<p>&nbsp;<\/p>\n<p><strong>2013<\/strong><\/p>\n<p>Projekt: Planung, Baugruppenprojekt Ebenberg, Landau<\/p>\n<p>&nbsp;<\/p>\n<p><strong>2012<\/strong><\/p>\n<p>Projekt: Planung, C 7 Mannheim Innerst\u00e4dtisches\u00a0 Baugruppenprojekt Sanierung und Neubau, Mannheim<br \/>\nProjekt: Fertigstellung, Gemeindezentrum Ohiostra\u00dfe \u2013 Stampflehmbauweise, Karlsruhe<br \/>\nWettbewerb: 2. Preis: Freiburg Pflegezentrum und Deutschordensstra\u00dfe<br \/>\nForschung: Start des Forschungsprojektes &#8220;Kolumbien &#8211; Experimentelles Bauen und Forschung&#8221;<br \/>\nForschung: Abschluss, Lehmbau in A\u00eft Bougoumez, Marokko<br \/>\nForschung: Start und Abschluss, Naturinfozentrum \u201eCase Millifera\u201c, Ludwigsburg<\/p>\n<p>&nbsp;<\/p>\n<p><strong>2011<\/strong><\/p>\n<p>Wettbewerb: 1. Preis, Masterplan Bahnstadt Bruchsal \u2013 zusammen mit PIA\u00a0 Architekten und der Werkgemeinschaft Karlsruhe<\/p>\n<p>&nbsp;<\/p>\n<p><strong>1994-2014<\/strong><\/p>\n<p>Partner bei PIA. Architekten<\/p>\n<p>&nbsp;<\/p>\n<p><strong>1986\u00a0<\/strong><\/p>\n<p>Gr\u00fcndung des B\u00fcros L\u00f6ffler + Schneider<\/p>\n<p>&nbsp;<\/p>\n","protected":false},"excerpt":{"rendered":"<p>&nbsp; CHRONIK &nbsp; 2021 Projekt: Baubeginn, Evangelische-Freikirchliche Gemeinde (Baptisten), Reutlingen &nbsp; 2020 Projekt: Fertigstellung, Baugruppe, Bruchsal Projekt: Bauvorbescheid, Evangelische-Freikirchliche Gemeinde (Baptisten), Reutlingen &nbsp; 2019 Projekt: Planung, Modularer Holzbau, Ettlingen &#8211; Bruchhausen &nbsp; 2018 Projekt: Fertigstellung, Sozialer Wohnungsbau, Ruschgraben\/Julius-Bender-Stra\u00dfe, Karlsruhe-Hagsfeld Projekt: Planung, Pflegezentrum Walzbachtal, Karlsruhe-J\u00f6hlingen Projekt: Planung, Baugruppe M\u00fchleb\u00e4chle, Sexau Forschung: Start &#8220;Entwicklung eines neuen nachhaltigen [&hellip;]<\/p>\n","protected":false},"author":3,"featured_media":0,"parent":0,"menu_order":0,"comment_status":"closed","ping_status":"closed","template":"","meta":[],"_links":{"self":[{"href":"https:\/\/klimagerechte-architektur.de\/archiv\/wp-json\/wp\/v2\/pages\/689"}],"collection":[{"href":"https:\/\/klimagerechte-architektur.de\/archiv\/wp-json\/wp\/v2\/pages"}],"about":[{"href":"https:\/\/klimagerechte-architektur.de\/archiv\/wp-json\/wp\/v2\/types\/page"}],"author":[{"embeddable":true,"href":"https:\/\/klimagerechte-architektur.de\/archiv\/wp-json\/wp\/v2\/users\/3"}],"replies":[{"embeddable":true,"href":"https:\/\/klimagerechte-architektur.de\/archiv\/wp-json\/wp\/v2\/comments?post=689"}],"version-history":[{"count":1,"href":"https:\/\/klimagerechte-architektur.de\/archiv\/wp-json\/wp\/v2\/pages\/689\/revisions"}],"predecessor-version":[{"id":3525,"href":"https:\/\/klimagerechte-architektur.de\/archiv\/wp-json\/wp\/v2\/pages\/689\/revisions\/3525"}],"wp:attachment":[{"href":"https:\/\/klimagerechte-architektur.de\/archiv\/wp-json\/wp\/v2\/media?parent=689"}],"curies":[{"name":"wp","href":"https:\/\/api.w.org\/{rel}","templated":true}]}}