{"id":875,"date":"2018-08-14T11:13:35","date_gmt":"2018-08-14T09:13:35","guid":{"rendered":"http:\/\/www.klimagerechte-architektur.de\/?page_id=875"},"modified":"2022-05-06T14:13:24","modified_gmt":"2022-05-06T12:13:24","slug":"matthias-schmeling","status":"publish","type":"page","link":"https:\/\/klimagerechte-architektur.de\/archiv\/buero\/matthias-schmeling\/","title":{"rendered":"Matthias Schmeling"},"content":{"rendered":"<h2><img loading=\"lazy\" class=\"wp-image-880 alignnone\" src=\"http:\/\/www.klimagerechte-architektur.de\/wp-content\/uploads\/2018\/08\/Matthias.jpg\" alt=\"\" width=\"315\" height=\"315\" srcset=\"https:\/\/klimagerechte-architektur.de\/archiv\/wp-content\/uploads\/2018\/08\/Matthias.jpg 270w, https:\/\/klimagerechte-architektur.de\/archiv\/wp-content\/uploads\/2018\/08\/Matthias-150x150.jpg 150w\" sizes=\"(max-width: 315px) 100vw, 315px\" \/><\/h2>\n<h1>Dipl.-Ing. Matthias Schmeling<\/h1>\n<p>Geboren 1957, verheiratet, zwei Kinder<\/p>\n<p>&nbsp;<\/p>\n<p><strong>1977-1988<\/strong><\/p>\n<p>Architekturstudium an der Technischen Universit\u00e4t (heutiges Institut f\u00fcr Technologie), Karlsruhe<\/p>\n<p><strong>1982<\/strong><\/p>\n<p>Aufenthalte in der T\u00fcrkei (Ausgrabungen in Pergamon)<\/p>\n<p><strong>Februar 1988<\/strong><\/p>\n<p>Diplom bei Professor Uhlig, Lehrstuhl Wohnungsbau, Siedlungswesen und Entwerfen, Technische Universit\u00e4t (heutiges Institut f\u00fcr Technologie), Karlsruhe<\/p>\n<p><strong>1988-1994<\/strong><\/p>\n<p>Freier Mitarbeiter im Architekturb\u00fcro L\u00f6ffler + Schneider, Karlsruhe<\/p>\n<p><strong>1994-2014<\/strong><\/p>\n<p>Partner im B\u00fcro PIA Architekten, Karlsruhe\/Mannheim<\/p>\n<p><strong>1995-1996<\/strong><\/p>\n<p>Lehrauftrag an der Hochschule f\u00fcr Technik Stuttgart, Industriebau I, Bereich \u00d6kologischer St\u00e4dtebau<\/p>\n<p><strong>1999-2014<\/strong><\/p>\n<p>Gesch\u00e4ftsf\u00fchrer der PIA Generalplanung GmbH, Karlsruhe\/Mannheim<\/p>\n<p><strong>Seit 2013<\/strong><\/p>\n<p>Mitglied im Bund Deutscher Architekten (BDA)<\/p>\n<p><strong>Seit 2014<\/strong><\/p>\n<p>Gr\u00fcndung des B\u00fcros L\u00f6ffler_Schmeling Architekten mit den Schwerpunkten klimagerechte Architektur, Siedlungsplanung und Projektentwicklung, Karlsruhe<\/p>\n<p><strong>WS 2020\/21<\/strong><\/p>\n<p>Lehrbeauftragter f\u00fcr das Fach &#8220;Nach Corona &#8211; Impulse f\u00fcr eine ver\u00e4nderte Wohnungsbau- und Stadtquartiersplanung&#8221;, Fakult\u00e4t Architektur und Gestaltung, Studiengang Architektur, Professor Andreas L\u00f6ffler, Hochschule f\u00fcr Technik Stuttgart<\/p>\n<p>&nbsp;<\/p>\n","protected":false},"excerpt":{"rendered":"<p>Dipl.-Ing. Matthias Schmeling Geboren 1957, verheiratet, zwei Kinder &nbsp; 1977-1988 Architekturstudium an der Technischen Universit\u00e4t (heutiges Institut f\u00fcr Technologie), Karlsruhe 1982 Aufenthalte in der T\u00fcrkei (Ausgrabungen in Pergamon) Februar 1988 Diplom bei Professor Uhlig, Lehrstuhl Wohnungsbau, Siedlungswesen und Entwerfen, Technische Universit\u00e4t (heutiges Institut f\u00fcr Technologie), Karlsruhe 1988-1994 Freier Mitarbeiter im Architekturb\u00fcro L\u00f6ffler + Schneider, Karlsruhe [&hellip;]<\/p>\n","protected":false},"author":3,"featured_media":0,"parent":2,"menu_order":0,"comment_status":"closed","ping_status":"closed","template":"template-about.php","meta":[],"_links":{"self":[{"href":"https:\/\/klimagerechte-architektur.de\/archiv\/wp-json\/wp\/v2\/pages\/875"}],"collection":[{"href":"https:\/\/klimagerechte-architektur.de\/archiv\/wp-json\/wp\/v2\/pages"}],"about":[{"href":"https:\/\/klimagerechte-architektur.de\/archiv\/wp-json\/wp\/v2\/types\/page"}],"author":[{"embeddable":true,"href":"https:\/\/klimagerechte-architektur.de\/archiv\/wp-json\/wp\/v2\/users\/3"}],"replies":[{"embeddable":true,"href":"https:\/\/klimagerechte-architektur.de\/archiv\/wp-json\/wp\/v2\/comments?post=875"}],"version-history":[{"count":2,"href":"https:\/\/klimagerechte-architektur.de\/archiv\/wp-json\/wp\/v2\/pages\/875\/revisions"}],"predecessor-version":[{"id":4567,"href":"https:\/\/klimagerechte-architektur.de\/archiv\/wp-json\/wp\/v2\/pages\/875\/revisions\/4567"}],"up":[{"embeddable":true,"href":"https:\/\/klimagerechte-architektur.de\/archiv\/wp-json\/wp\/v2\/pages\/2"}],"wp:attachment":[{"href":"https:\/\/klimagerechte-architektur.de\/archiv\/wp-json\/wp\/v2\/media?parent=875"}],"curies":[{"name":"wp","href":"https:\/\/api.w.org\/{rel}","templated":true}]}}