{"id":1477,"date":"2023-02-24T14:46:40","date_gmt":"2023-02-24T14:46:40","guid":{"rendered":"https:\/\/klimagerechte-architektur.de\/?page_id=1477"},"modified":"2025-07-31T11:25:59","modified_gmt":"2025-07-31T09:25:59","slug":"contact","status":"publish","type":"page","link":"https:\/\/klimagerechte-architektur.de\/en\/kontakt\/","title":{"rendered":"Contact us"},"content":{"rendered":"<div data-elementor-type=\"wp-page\" data-elementor-id=\"1477\" class=\"elementor elementor-1477\" data-elementor-post-type=\"page\">\n\t\t\t\t\t\t<section class=\"elementor-section elementor-top-section elementor-element elementor-element-f696906 ken_b elementor-section-height-min-height elementor-section-boxed elementor-section-height-default elementor-section-items-middle\" data-id=\"f696906\" data-element_type=\"section\" data-e-type=\"section\" data-settings=\"{&quot;jet_parallax_layout_list&quot;:[],&quot;background_background&quot;:&quot;classic&quot;}\">\n\t\t\t\t\t\t\t<div class=\"elementor-background-overlay\"><\/div>\n\t\t\t\t\t\t\t<div class=\"elementor-container elementor-column-gap-default\">\n\t\t\t\t\t<div class=\"elementor-column elementor-col-100 elementor-top-column elementor-element elementor-element-9749981\" data-id=\"9749981\" data-element_type=\"column\" data-e-type=\"column\">\n\t\t\t<div class=\"elementor-widget-wrap\">\n\t\t\t\t\t\t\t<\/div>\n\t\t<\/div>\n\t\t\t\t\t<\/div>\n\t\t<\/section>\n\t\t\t\t<section class=\"elementor-section elementor-top-section elementor-element elementor-element-4c6de722 elementor-section-boxed elementor-section-height-default elementor-section-height-default\" data-id=\"4c6de722\" data-element_type=\"section\" data-e-type=\"section\" data-settings=\"{&quot;jet_parallax_layout_list&quot;:[]}\">\n\t\t\t\t\t\t<div class=\"elementor-container elementor-column-gap-default\">\n\t\t\t\t\t<div class=\"elementor-column elementor-col-100 elementor-top-column elementor-element elementor-element-21e57ed9\" data-id=\"21e57ed9\" data-element_type=\"column\" data-e-type=\"column\">\n\t\t\t<div class=\"elementor-widget-wrap elementor-element-populated\">\n\t\t\t\t\t\t<div class=\"elementor-element elementor-element-10f6a065 elementor-widget elementor-widget-heading\" data-id=\"10f6a065\" data-element_type=\"widget\" data-e-type=\"widget\" data-widget_type=\"heading.default\">\n\t\t\t\t<div class=\"elementor-widget-container\">\n\t\t\t\t\t<h2 class=\"elementor-heading-title elementor-size-default\">How to reach us<\/h2>\t\t\t\t<\/div>\n\t\t\t\t<\/div>\n\t\t\t\t<div class=\"elementor-element elementor-element-213cb6c elementor-widget elementor-widget-text-editor\" data-id=\"213cb6c\" data-element_type=\"widget\" data-e-type=\"widget\" data-widget_type=\"text-editor.default\">\n\t\t\t\t<div class=\"elementor-widget-container\">\n\t\t\t\t\t\t\t\t\t<p><strong>L\u00f6ffler_Schmeling Architects PartGmbB<\/strong><\/p><p>Prof. Dipl.-Ing. Andreas L\u00f6ffler BDA DWB<br \/>Dipl.-Ing. Matthias Schmeling BDA<br \/>M.A. Architect Andr\u00e9s C\u00f3rdoba Tejada<\/p><p>Waldstrasse 58<br \/>76133 Karlsruhe<\/p>\t\t\t\t\t\t\t\t<\/div>\n\t\t\t\t<\/div>\n\t\t\t\t<div class=\"elementor-element elementor-element-37932d3 elementor-icon-list--layout-traditional elementor-list-item-link-full_width elementor-widget elementor-widget-icon-list\" data-id=\"37932d3\" data-element_type=\"widget\" data-e-type=\"widget\" data-widget_type=\"icon-list.default\">\n\t\t\t\t<div class=\"elementor-widget-container\">\n\t\t\t\t\t\t\t<ul class=\"elementor-icon-list-items\">\n\t\t\t\t\t\t\t<li class=\"elementor-icon-list-item\">\n\t\t\t\t\t\t\t\t\t\t\t<a href=\"tel:+4972147000999\" target=\"_blank\">\n\n\t\t\t\t\t\t\t\t\t\t\t\t<span class=\"elementor-icon-list-icon\">\n\t\t\t\t\t\t\t<i aria-hidden=\"true\" class=\"fas fa-envelope\"><\/i>\t\t\t\t\t\t<\/span>\n\t\t\t\t\t\t\t\t\t\t<span class=\"elementor-icon-list-text\">+ 49 (0) 721 47 000 999<\/span>\n\t\t\t\t\t\t\t\t\t\t\t<\/a>\n\t\t\t\t\t\t\t\t\t<\/li>\n\t\t\t\t\t\t\t\t<li class=\"elementor-icon-list-item\">\n\t\t\t\t\t\t\t\t\t\t\t<a href=\"mailto:info@klimagerechte-architektur.de\" target=\"_blank\">\n\n\t\t\t\t\t\t\t\t\t\t\t\t<span class=\"elementor-icon-list-icon\">\n\t\t\t\t\t\t\t<i aria-hidden=\"true\" class=\"fas fa-phone-alt\"><\/i>\t\t\t\t\t\t<\/span>\n\t\t\t\t\t\t\t\t\t\t<span class=\"elementor-icon-list-text\">info@klimagerechte-architektur.de<\/span>\n\t\t\t\t\t\t\t\t\t\t\t<\/a>\n\t\t\t\t\t\t\t\t\t<\/li>\n\t\t\t\t\t\t<\/ul>\n\t\t\t\t\t\t<\/div>\n\t\t\t\t<\/div>\n\t\t\t\t\t<\/div>\n\t\t<\/div>\n\t\t\t\t\t<\/div>\n\t\t<\/section>\n\t\t\t\t<\/div>","protected":false},"excerpt":{"rendered":"<p>How to contact us L\u00f6ffler_Schmeling Architekten PartGmbB Prof. Dipl.-Ing. Andreas L\u00f6ffler BDA DWBDipl.-Ing. Matthias Schmeling BDAM.A. Architekt Andr\u00e9s C\u00f3rdoba Tejada Waldstra\u00dfe 5876133 Karlsruhe + 49 (0) 721 47 000 999 info@klimagerechte-architektur.de Contact form<\/p>","protected":false},"author":1,"featured_media":2720,"parent":0,"menu_order":0,"comment_status":"closed","ping_status":"closed","template":"","meta":{"footnotes":""},"class_list":["post-1477","page","type-page","status-publish","has-post-thumbnail","hentry"],"yoast_head":"<!-- This site is optimized with the Yoast SEO plugin v27.3 - https:\/\/yoast.com\/product\/yoast-seo-wordpress\/ -->\n<title>Kontakt f\u00fcr nachhaltige Architektur in Karlsruhe<\/title>\n<meta name=\"description\" content=\"Jetzt Kontakt aufnehmen f\u00fcr klimagerechte Architektur in Karlsruhe. Wir beraten Sie pers\u00f6nlich und planen nachhaltig.\" \/>\n<meta name=\"robots\" content=\"index, follow, max-snippet:-1, max-image-preview:large, max-video-preview:-1\" \/>\n<link rel=\"canonical\" href=\"https:\/\/klimagerechte-architektur.de\/en\/contact\/\" \/>\n<meta property=\"og:locale\" content=\"en_GB\" \/>\n<meta property=\"og:type\" content=\"article\" \/>\n<meta property=\"og:title\" content=\"Kontakt f\u00fcr nachhaltige Architektur in Karlsruhe\" \/>\n<meta property=\"og:description\" content=\"Jetzt Kontakt aufnehmen f\u00fcr klimagerechte Architektur in Karlsruhe. Wir beraten Sie pers\u00f6nlich und planen nachhaltig.\" \/>\n<meta property=\"og:url\" content=\"https:\/\/klimagerechte-architektur.de\/en\/contact\/\" \/>\n<meta property=\"og:site_name\" content=\"L\u00f6ffler_Schmeling\" \/>\n<meta property=\"article:modified_time\" content=\"2025-07-31T09:25:59+00:00\" \/>\n<meta property=\"og:image\" content=\"https:\/\/klimagerechte-architektur.de\/wp-content\/uploads\/2023\/07\/Gruppenbild-Buero-scaled.jpg\" \/>\n\t<meta property=\"og:image:width\" content=\"2560\" \/>\n\t<meta property=\"og:image:height\" content=\"966\" \/>\n\t<meta property=\"og:image:type\" content=\"image\/jpeg\" \/>\n<meta name=\"twitter:card\" content=\"summary_large_image\" \/>\n<meta name=\"twitter:label1\" content=\"Estimated reading time\" \/>\n\t<meta name=\"twitter:data1\" content=\"1 minute\" \/>\n<script type=\"application\/ld+json\" class=\"yoast-schema-graph\">{\"@context\":\"https:\\\/\\\/schema.org\",\"@graph\":[{\"@type\":\"WebPage\",\"@id\":\"https:\\\/\\\/klimagerechte-architektur.de\\\/kontakt\\\/\",\"url\":\"https:\\\/\\\/klimagerechte-architektur.de\\\/kontakt\\\/\",\"name\":\"Kontakt f\u00fcr nachhaltige Architektur in Karlsruhe\",\"isPartOf\":{\"@id\":\"https:\\\/\\\/klimagerechte-architektur.de\\\/#website\"},\"primaryImageOfPage\":{\"@id\":\"https:\\\/\\\/klimagerechte-architektur.de\\\/kontakt\\\/#primaryimage\"},\"image\":{\"@id\":\"https:\\\/\\\/klimagerechte-architektur.de\\\/kontakt\\\/#primaryimage\"},\"thumbnailUrl\":\"https:\\\/\\\/klimagerechte-architektur.de\\\/wp-content\\\/uploads\\\/2023\\\/07\\\/Gruppenbild-Buero-scaled.jpg\",\"datePublished\":\"2023-02-24T14:46:40+00:00\",\"dateModified\":\"2025-07-31T09:25:59+00:00\",\"description\":\"Jetzt Kontakt aufnehmen f\u00fcr klimagerechte Architektur in Karlsruhe. Wir beraten Sie pers\u00f6nlich und planen nachhaltig.\",\"breadcrumb\":{\"@id\":\"https:\\\/\\\/klimagerechte-architektur.de\\\/kontakt\\\/#breadcrumb\"},\"inLanguage\":\"en-GB\",\"potentialAction\":[{\"@type\":\"ReadAction\",\"target\":[\"https:\\\/\\\/klimagerechte-architektur.de\\\/kontakt\\\/\"]}]},{\"@type\":\"ImageObject\",\"inLanguage\":\"en-GB\",\"@id\":\"https:\\\/\\\/klimagerechte-architektur.de\\\/kontakt\\\/#primaryimage\",\"url\":\"https:\\\/\\\/klimagerechte-architektur.de\\\/wp-content\\\/uploads\\\/2023\\\/07\\\/Gruppenbild-Buero-scaled.jpg\",\"contentUrl\":\"https:\\\/\\\/klimagerechte-architektur.de\\\/wp-content\\\/uploads\\\/2023\\\/07\\\/Gruppenbild-Buero-scaled.jpg\",\"width\":2560,\"height\":966},{\"@type\":\"BreadcrumbList\",\"@id\":\"https:\\\/\\\/klimagerechte-architektur.de\\\/kontakt\\\/#breadcrumb\",\"itemListElement\":[{\"@type\":\"ListItem\",\"position\":1,\"name\":\"Startseite\",\"item\":\"https:\\\/\\\/klimagerechte-architektur.de\\\/\"},{\"@type\":\"ListItem\",\"position\":2,\"name\":\"Kontakt\"}]},{\"@type\":\"WebSite\",\"@id\":\"https:\\\/\\\/klimagerechte-architektur.de\\\/#website\",\"url\":\"https:\\\/\\\/klimagerechte-architektur.de\\\/\",\"name\":\"Klimagerechte Architektur\",\"description\":\"KLIMAGERECHTIGKEIT \u2013 DIE BR\u00dcCKE ZWISCHEN SOZIALER UND \u00d6KOLOGISCHER ARCHITEKTUR\",\"publisher\":{\"@id\":\"https:\\\/\\\/klimagerechte-architektur.de\\\/#organization\"},\"potentialAction\":[{\"@type\":\"SearchAction\",\"target\":{\"@type\":\"EntryPoint\",\"urlTemplate\":\"https:\\\/\\\/klimagerechte-architektur.de\\\/?s={search_term_string}\"},\"query-input\":{\"@type\":\"PropertyValueSpecification\",\"valueRequired\":true,\"valueName\":\"search_term_string\"}}],\"inLanguage\":\"en-GB\"},{\"@type\":\"Organization\",\"@id\":\"https:\\\/\\\/klimagerechte-architektur.de\\\/#organization\",\"name\":\"L\u00f6ffler_Schmeling Architekten\",\"url\":\"https:\\\/\\\/klimagerechte-architektur.de\\\/\",\"logo\":{\"@type\":\"ImageObject\",\"inLanguage\":\"en-GB\",\"@id\":\"https:\\\/\\\/klimagerechte-architektur.de\\\/#\\\/schema\\\/logo\\\/image\\\/\",\"url\":\"https:\\\/\\\/klimagerechte-architektur.de\\\/wp-content\\\/uploads\\\/2023\\\/01\\\/LS_LogoCoolveticaueberarbeitet_Anne-1.png\",\"contentUrl\":\"https:\\\/\\\/klimagerechte-architektur.de\\\/wp-content\\\/uploads\\\/2023\\\/01\\\/LS_LogoCoolveticaueberarbeitet_Anne-1.png\",\"width\":1741,\"height\":402,\"caption\":\"L\u00f6ffler_Schmeling Architekten\"},\"image\":{\"@id\":\"https:\\\/\\\/klimagerechte-architektur.de\\\/#\\\/schema\\\/logo\\\/image\\\/\"}}]}<\/script>\n<!-- \/ Yoast SEO plugin. -->","yoast_head_json":{"title":"Contact for sustainable architecture in Karlsruhe","description":"Contact us now for climate-friendly architecture in Karlsruhe. We advise you personally and plan sustainably.","robots":{"index":"index","follow":"follow","max-snippet":"max-snippet:-1","max-image-preview":"max-image-preview:large","max-video-preview":"max-video-preview:-1"},"canonical":"https:\/\/klimagerechte-architektur.de\/en\/contact\/","og_locale":"en_GB","og_type":"article","og_title":"Kontakt f\u00fcr nachhaltige Architektur in Karlsruhe","og_description":"Jetzt Kontakt aufnehmen f\u00fcr klimagerechte Architektur in Karlsruhe. Wir beraten Sie pers\u00f6nlich und planen nachhaltig.","og_url":"https:\/\/klimagerechte-architektur.de\/en\/contact\/","og_site_name":"L\u00f6ffler_Schmeling","article_modified_time":"2025-07-31T09:25:59+00:00","og_image":[{"width":2560,"height":966,"url":"https:\/\/klimagerechte-architektur.de\/wp-content\/uploads\/2023\/07\/Gruppenbild-Buero-scaled.jpg","type":"image\/jpeg"}],"twitter_card":"summary_large_image","twitter_misc":{"Estimated reading time":"1 minute"},"schema":{"@context":"https:\/\/schema.org","@graph":[{"@type":"WebPage","@id":"https:\/\/klimagerechte-architektur.de\/kontakt\/","url":"https:\/\/klimagerechte-architektur.de\/kontakt\/","name":"Contact for sustainable architecture in Karlsruhe","isPartOf":{"@id":"https:\/\/klimagerechte-architektur.de\/#website"},"primaryImageOfPage":{"@id":"https:\/\/klimagerechte-architektur.de\/kontakt\/#primaryimage"},"image":{"@id":"https:\/\/klimagerechte-architektur.de\/kontakt\/#primaryimage"},"thumbnailUrl":"https:\/\/klimagerechte-architektur.de\/wp-content\/uploads\/2023\/07\/Gruppenbild-Buero-scaled.jpg","datePublished":"2023-02-24T14:46:40+00:00","dateModified":"2025-07-31T09:25:59+00:00","description":"Contact us now for climate-friendly architecture in Karlsruhe. We advise you personally and plan sustainably.","breadcrumb":{"@id":"https:\/\/klimagerechte-architektur.de\/kontakt\/#breadcrumb"},"inLanguage":"en-GB","potentialAction":[{"@type":"ReadAction","target":["https:\/\/klimagerechte-architektur.de\/kontakt\/"]}]},{"@type":"ImageObject","inLanguage":"en-GB","@id":"https:\/\/klimagerechte-architektur.de\/kontakt\/#primaryimage","url":"https:\/\/klimagerechte-architektur.de\/wp-content\/uploads\/2023\/07\/Gruppenbild-Buero-scaled.jpg","contentUrl":"https:\/\/klimagerechte-architektur.de\/wp-content\/uploads\/2023\/07\/Gruppenbild-Buero-scaled.jpg","width":2560,"height":966},{"@type":"BreadcrumbList","@id":"https:\/\/klimagerechte-architektur.de\/kontakt\/#breadcrumb","itemListElement":[{"@type":"ListItem","position":1,"name":"Startseite","item":"https:\/\/klimagerechte-architektur.de\/"},{"@type":"ListItem","position":2,"name":"Kontakt"}]},{"@type":"WebSite","@id":"https:\/\/klimagerechte-architektur.de\/#website","url":"https:\/\/klimagerechte-architektur.de\/","name":"Climate-aware architecture","description":"CLIMATE JUSTICE - THE BRIDGE BETWEEN SOCIAL AND ECOLOGICAL ARCHITECTURE","publisher":{"@id":"https:\/\/klimagerechte-architektur.de\/#organization"},"potentialAction":[{"@type":"SearchAction","target":{"@type":"EntryPoint","urlTemplate":"https:\/\/klimagerechte-architektur.de\/?s={search_term_string}"},"query-input":{"@type":"PropertyValueSpecification","valueRequired":true,"valueName":"search_term_string"}}],"inLanguage":"en-GB"},{"@type":"Organization","@id":"https:\/\/klimagerechte-architektur.de\/#organization","name":"L\u00f6ffler_Schmeling Architects","url":"https:\/\/klimagerechte-architektur.de\/","logo":{"@type":"ImageObject","inLanguage":"en-GB","@id":"https:\/\/klimagerechte-architektur.de\/#\/schema\/logo\/image\/","url":"https:\/\/klimagerechte-architektur.de\/wp-content\/uploads\/2023\/01\/LS_LogoCoolveticaueberarbeitet_Anne-1.png","contentUrl":"https:\/\/klimagerechte-architektur.de\/wp-content\/uploads\/2023\/01\/LS_LogoCoolveticaueberarbeitet_Anne-1.png","width":1741,"height":402,"caption":"L\u00f6ffler_Schmeling Architekten"},"image":{"@id":"https:\/\/klimagerechte-architektur.de\/#\/schema\/logo\/image\/"}}]}},"_links":{"self":[{"href":"https:\/\/klimagerechte-architektur.de\/en\/wp-json\/wp\/v2\/pages\/1477","targetHints":{"allow":["GET"]}}],"collection":[{"href":"https:\/\/klimagerechte-architektur.de\/en\/wp-json\/wp\/v2\/pages"}],"about":[{"href":"https:\/\/klimagerechte-architektur.de\/en\/wp-json\/wp\/v2\/types\/page"}],"author":[{"embeddable":true,"href":"https:\/\/klimagerechte-architektur.de\/en\/wp-json\/wp\/v2\/users\/1"}],"replies":[{"embeddable":true,"href":"https:\/\/klimagerechte-architektur.de\/en\/wp-json\/wp\/v2\/comments?post=1477"}],"version-history":[{"count":142,"href":"https:\/\/klimagerechte-architektur.de\/en\/wp-json\/wp\/v2\/pages\/1477\/revisions"}],"predecessor-version":[{"id":4322,"href":"https:\/\/klimagerechte-architektur.de\/en\/wp-json\/wp\/v2\/pages\/1477\/revisions\/4322"}],"wp:featuredmedia":[{"embeddable":true,"href":"https:\/\/klimagerechte-architektur.de\/en\/wp-json\/wp\/v2\/media\/2720"}],"wp:attachment":[{"href":"https:\/\/klimagerechte-architektur.de\/en\/wp-json\/wp\/v2\/media?parent=1477"}],"curies":[{"name":"wp","href":"https:\/\/api.w.org\/{rel}","templated":true}]}}