{"id":1800,"date":"2023-03-17T14:24:07","date_gmt":"2023-03-17T14:24:07","guid":{"rendered":"https:\/\/klimagerechte-architektur.de\/?page_id=1800"},"modified":"2023-09-06T10:43:57","modified_gmt":"2023-09-06T08:43:57","slug":"imprint","status":"publish","type":"page","link":"https:\/\/klimagerechte-architektur.de\/en\/impressum\/","title":{"rendered":"Imprint"},"content":{"rendered":"<div data-elementor-type=\"wp-page\" data-elementor-id=\"1800\" class=\"elementor elementor-1800\" data-elementor-post-type=\"page\">\n\t\t\t\t\t\t<section class=\"elementor-section elementor-top-section elementor-element elementor-element-52db1e1f elementor-section-full_width ken_b elementor-section-height-default elementor-section-height-default\" data-id=\"52db1e1f\" data-element_type=\"section\" data-e-type=\"section\" data-settings=\"{&quot;jet_parallax_layout_list&quot;:[],&quot;background_background&quot;:&quot;classic&quot;}\">\n\t\t\t\t\t\t\t<div class=\"elementor-background-overlay\"><\/div>\n\t\t\t\t\t\t\t<div class=\"elementor-container elementor-column-gap-default\">\n\t\t\t\t\t<div class=\"elementor-column elementor-col-100 elementor-top-column elementor-element elementor-element-118c1638\" data-id=\"118c1638\" data-element_type=\"column\" data-e-type=\"column\">\n\t\t\t<div class=\"elementor-widget-wrap\">\n\t\t\t\t\t\t\t<\/div>\n\t\t<\/div>\n\t\t\t\t\t<\/div>\n\t\t<\/section>\n\t\t\t\t<section class=\"elementor-section elementor-top-section elementor-element elementor-element-56c43bb0 elementor-section-boxed elementor-section-height-default elementor-section-height-default\" data-id=\"56c43bb0\" data-element_type=\"section\" data-e-type=\"section\" data-settings=\"{&quot;jet_parallax_layout_list&quot;:[]}\">\n\t\t\t\t\t\t<div class=\"elementor-container elementor-column-gap-default\">\n\t\t\t\t\t<div class=\"elementor-column elementor-col-100 elementor-top-column elementor-element elementor-element-7faa8d67\" data-id=\"7faa8d67\" data-element_type=\"column\" data-e-type=\"column\">\n\t\t\t<div class=\"elementor-widget-wrap elementor-element-populated\">\n\t\t\t\t\t\t<div class=\"elementor-element elementor-element-6ffa4723 elementor-widget elementor-widget-heading\" data-id=\"6ffa4723\" data-element_type=\"widget\" data-e-type=\"widget\" data-widget_type=\"heading.default\">\n\t\t\t\t<div class=\"elementor-widget-container\">\n\t\t\t\t\t<h2 class=\"elementor-heading-title elementor-size-default\">Imprint<\/h2>\t\t\t\t<\/div>\n\t\t\t\t<\/div>\n\t\t\t\t<div class=\"elementor-element elementor-element-49fe233 textbereich elementor-widget elementor-widget-text-editor\" data-id=\"49fe233\" data-element_type=\"widget\" data-e-type=\"widget\" data-widget_type=\"text-editor.default\">\n\t\t\t\t<div class=\"elementor-widget-container\">\n\t\t\t\t\t\t\t\t\t<p><strong>Architectural office:<\/strong><br \/>L\u00f6ffler_Schmeling Architects<br \/>Waldstrasse 58<br \/>76133 Karlsruhe<\/p><p><strong>Managing Director:<\/strong><br \/>Prof. Dipl.-Ing. Andreas L\u00f6ffler BDA DWB<br \/>Dipl.-Ing. Matthias Schmeling BDA<br \/>M.A. Andr\u00e9s C\u00f3rdoba Tejada<\/p><p>The independent architects Prof. Andreas L\u00f6ffler, Dipl.-Ing. Matthias Schmeling and M.A. Andr\u00e9s C\u00f3rdoba Tejada are registered members of the Baden-W\u00fcrttemberg Chamber of Architects, Danneckerstra\u00dfe 54, D-70182 Stuttgart, Federal Republic of Germany. This results in the authorisation to use the professional title.\"<\/p><p>The professional regulations, in particular the Baden-W\u00fcrttemberg Architects Act and the Professional Code of Conduct, can be viewed on the homepage of the Baden-W\u00fcrttemberg Chamber of Architects:<br \/><a href=\"http:\/\/www.akbw.de\/download\/architektengesetz.pdf\">http:\/\/www.akbw.de\/download\/architektengesetz.pdf<\/a><br \/><a href=\"http:\/\/www.akbw.de\/download\/berufsordnung.pdf\">http:\/\/www.akbw.de\/download\/berufsordnung.pdf<\/a><\/p><p>Local court: Mannheim PR 700 256<br \/>VAT ID. No.: DE 815499234<\/p><p>Phone: +49-(0) 721 47000999<br \/>e-mail:\u00a0<a href=\"mailto:info@loeffler-schmeling-architekten.de\">info@loeffler-schmeling-architekten.de<\/a><\/p><p><strong>Picture credits:<\/strong><br \/>dzine<br \/>Elias Siebert<br \/>J\u00fcrgen Vogt<br \/>Martin Duckek<br \/>Oliver Rieger<br \/>Stephan Baumann<\/p>\t\t\t\t\t\t\t\t<\/div>\n\t\t\t\t<\/div>\n\t\t\t\t\t<\/div>\n\t\t<\/div>\n\t\t\t\t\t<\/div>\n\t\t<\/section>\n\t\t\t\t<\/div>","protected":false},"excerpt":{"rendered":"<p>Architekturb\u00fcro: L\u00f6ffler_Schmeling Architekten Waldstra\u00dfe 58 76133 Karlsruhe Gesch\u00e4ftsf\u00fchrer: Prof. Dipl.-Ing. Andreas L\u00f6ffler BDA DWB Dipl.-Ing. Matthias Schmeling BDA M.A. Andr\u00e9s C\u00f3rdoba Tejada Die freien Architekten Prof. Andreas L\u00f6ffler, Dipl.-Ing. Matthias Schmeling und M.A. Andr\u00e9s C\u00f3rdoba Tejada sind eingetragene Mitglieder der Architektenkammer Baden-W\u00fcrttemberg, Danneckerstra\u00dfe 54, D-70182 Stuttgart, Bundesrepublik Deutschland. Hieraus ergibt sich die Berechtigung zum F\u00fchren [&hellip;]<\/p>\n","protected":false},"author":1,"featured_media":0,"parent":0,"menu_order":0,"comment_status":"closed","ping_status":"closed","template":"","meta":{"footnotes":""},"class_list":["post-1800","page","type-page","status-publish","hentry"],"yoast_head":"<!-- This site is optimized with the Yoast SEO plugin v27.3 - https:\/\/yoast.com\/product\/yoast-seo-wordpress\/ -->\n<title>Impressum - L\u00f6ffler_Schmeling<\/title>\n<meta name=\"robots\" content=\"noindex, nofollow\" \/>\n<meta property=\"og:locale\" content=\"en_GB\" \/>\n<meta property=\"og:type\" content=\"article\" \/>\n<meta property=\"og:title\" content=\"Impressum - L\u00f6ffler_Schmeling\" \/>\n<meta property=\"og:description\" content=\"Architekturb\u00fcro: L\u00f6ffler_Schmeling Architekten Waldstra\u00dfe 58 76133 Karlsruhe Gesch\u00e4ftsf\u00fchrer: Prof. Dipl.-Ing. Andreas L\u00f6ffler BDA DWB Dipl.-Ing. Matthias Schmeling BDA M.A. Andr\u00e9s C\u00f3rdoba Tejada Die freien Architekten Prof. Andreas L\u00f6ffler, Dipl.-Ing. Matthias Schmeling und M.A. Andr\u00e9s C\u00f3rdoba Tejada sind eingetragene Mitglieder der Architektenkammer Baden-W\u00fcrttemberg, Danneckerstra\u00dfe 54, D-70182 Stuttgart, Bundesrepublik Deutschland. Hieraus ergibt sich die Berechtigung zum F\u00fchren [&hellip;]\" \/>\n<meta property=\"og:url\" content=\"https:\/\/klimagerechte-architektur.de\/en\/imprint\/\" \/>\n<meta property=\"og:site_name\" content=\"L\u00f6ffler_Schmeling\" \/>\n<meta property=\"article:modified_time\" content=\"2023-09-06T08:43:57+00:00\" \/>\n<meta property=\"og:image\" content=\"https:\/\/klimagerechte-architektur.de\/wp-content\/uploads\/2019\/07\/stampflehm-lehmbau-kirche-gemeindezentrum-karlsruhe-1.jpg\" \/>\n\t<meta property=\"og:image:width\" content=\"1920\" \/>\n\t<meta property=\"og:image:height\" content=\"1440\" \/>\n\t<meta property=\"og:image:type\" content=\"image\/jpeg\" \/>\n<meta name=\"twitter:card\" content=\"summary_large_image\" \/>\n<meta name=\"twitter:label1\" content=\"Estimated reading time\" \/>\n\t<meta name=\"twitter:data1\" content=\"1 minute\" \/>\n<script type=\"application\/ld+json\" class=\"yoast-schema-graph\">{\"@context\":\"https:\\\/\\\/schema.org\",\"@graph\":[{\"@type\":\"WebPage\",\"@id\":\"https:\\\/\\\/klimagerechte-architektur.de\\\/impressum\\\/\",\"url\":\"https:\\\/\\\/klimagerechte-architektur.de\\\/impressum\\\/\",\"name\":\"Impressum - L\u00f6ffler_Schmeling\",\"isPartOf\":{\"@id\":\"https:\\\/\\\/klimagerechte-architektur.de\\\/#website\"},\"datePublished\":\"2023-03-17T14:24:07+00:00\",\"dateModified\":\"2023-09-06T08:43:57+00:00\",\"breadcrumb\":{\"@id\":\"https:\\\/\\\/klimagerechte-architektur.de\\\/impressum\\\/#breadcrumb\"},\"inLanguage\":\"en-GB\",\"potentialAction\":[{\"@type\":\"ReadAction\",\"target\":[\"https:\\\/\\\/klimagerechte-architektur.de\\\/impressum\\\/\"]}]},{\"@type\":\"BreadcrumbList\",\"@id\":\"https:\\\/\\\/klimagerechte-architektur.de\\\/impressum\\\/#breadcrumb\",\"itemListElement\":[{\"@type\":\"ListItem\",\"position\":1,\"name\":\"Startseite\",\"item\":\"https:\\\/\\\/klimagerechte-architektur.de\\\/\"},{\"@type\":\"ListItem\",\"position\":2,\"name\":\"Impressum\"}]},{\"@type\":\"WebSite\",\"@id\":\"https:\\\/\\\/klimagerechte-architektur.de\\\/#website\",\"url\":\"https:\\\/\\\/klimagerechte-architektur.de\\\/\",\"name\":\"Klimagerechte Architektur\",\"description\":\"KLIMAGERECHTIGKEIT \u2013 DIE BR\u00dcCKE ZWISCHEN SOZIALER UND \u00d6KOLOGISCHER ARCHITEKTUR\",\"publisher\":{\"@id\":\"https:\\\/\\\/klimagerechte-architektur.de\\\/#organization\"},\"potentialAction\":[{\"@type\":\"SearchAction\",\"target\":{\"@type\":\"EntryPoint\",\"urlTemplate\":\"https:\\\/\\\/klimagerechte-architektur.de\\\/?s={search_term_string}\"},\"query-input\":{\"@type\":\"PropertyValueSpecification\",\"valueRequired\":true,\"valueName\":\"search_term_string\"}}],\"inLanguage\":\"en-GB\"},{\"@type\":\"Organization\",\"@id\":\"https:\\\/\\\/klimagerechte-architektur.de\\\/#organization\",\"name\":\"L\u00f6ffler_Schmeling Architekten\",\"url\":\"https:\\\/\\\/klimagerechte-architektur.de\\\/\",\"logo\":{\"@type\":\"ImageObject\",\"inLanguage\":\"en-GB\",\"@id\":\"https:\\\/\\\/klimagerechte-architektur.de\\\/#\\\/schema\\\/logo\\\/image\\\/\",\"url\":\"https:\\\/\\\/klimagerechte-architektur.de\\\/wp-content\\\/uploads\\\/2023\\\/01\\\/LS_LogoCoolveticaueberarbeitet_Anne-1.png\",\"contentUrl\":\"https:\\\/\\\/klimagerechte-architektur.de\\\/wp-content\\\/uploads\\\/2023\\\/01\\\/LS_LogoCoolveticaueberarbeitet_Anne-1.png\",\"width\":1741,\"height\":402,\"caption\":\"L\u00f6ffler_Schmeling Architekten\"},\"image\":{\"@id\":\"https:\\\/\\\/klimagerechte-architektur.de\\\/#\\\/schema\\\/logo\\\/image\\\/\"}}]}<\/script>\n<!-- \/ Yoast SEO plugin. -->","yoast_head_json":{"title":"Imprint - L\u00f6ffler_Schmeling","robots":{"index":"noindex","follow":"nofollow"},"og_locale":"en_GB","og_type":"article","og_title":"Impressum - L\u00f6ffler_Schmeling","og_description":"Architekturb\u00fcro: L\u00f6ffler_Schmeling Architekten Waldstra\u00dfe 58 76133 Karlsruhe Gesch\u00e4ftsf\u00fchrer: Prof. Dipl.-Ing. Andreas L\u00f6ffler BDA DWB Dipl.-Ing. Matthias Schmeling BDA M.A. Andr\u00e9s C\u00f3rdoba Tejada Die freien Architekten Prof. Andreas L\u00f6ffler, Dipl.-Ing. Matthias Schmeling und M.A. Andr\u00e9s C\u00f3rdoba Tejada sind eingetragene Mitglieder der Architektenkammer Baden-W\u00fcrttemberg, Danneckerstra\u00dfe 54, D-70182 Stuttgart, Bundesrepublik Deutschland. Hieraus ergibt sich die Berechtigung zum F\u00fchren [&hellip;]","og_url":"https:\/\/klimagerechte-architektur.de\/en\/imprint\/","og_site_name":"L\u00f6ffler_Schmeling","article_modified_time":"2023-09-06T08:43:57+00:00","og_image":[{"width":1920,"height":1440,"url":"https:\/\/klimagerechte-architektur.de\/wp-content\/uploads\/2019\/07\/stampflehm-lehmbau-kirche-gemeindezentrum-karlsruhe-1.jpg","type":"image\/jpeg"}],"twitter_card":"summary_large_image","twitter_misc":{"Estimated reading time":"1 minute"},"schema":{"@context":"https:\/\/schema.org","@graph":[{"@type":"WebPage","@id":"https:\/\/klimagerechte-architektur.de\/impressum\/","url":"https:\/\/klimagerechte-architektur.de\/impressum\/","name":"Imprint - L\u00f6ffler_Schmeling","isPartOf":{"@id":"https:\/\/klimagerechte-architektur.de\/#website"},"datePublished":"2023-03-17T14:24:07+00:00","dateModified":"2023-09-06T08:43:57+00:00","breadcrumb":{"@id":"https:\/\/klimagerechte-architektur.de\/impressum\/#breadcrumb"},"inLanguage":"en-GB","potentialAction":[{"@type":"ReadAction","target":["https:\/\/klimagerechte-architektur.de\/impressum\/"]}]},{"@type":"BreadcrumbList","@id":"https:\/\/klimagerechte-architektur.de\/impressum\/#breadcrumb","itemListElement":[{"@type":"ListItem","position":1,"name":"Startseite","item":"https:\/\/klimagerechte-architektur.de\/"},{"@type":"ListItem","position":2,"name":"Impressum"}]},{"@type":"WebSite","@id":"https:\/\/klimagerechte-architektur.de\/#website","url":"https:\/\/klimagerechte-architektur.de\/","name":"Climate-aware architecture","description":"CLIMATE JUSTICE - THE BRIDGE BETWEEN SOCIAL AND ECOLOGICAL ARCHITECTURE","publisher":{"@id":"https:\/\/klimagerechte-architektur.de\/#organization"},"potentialAction":[{"@type":"SearchAction","target":{"@type":"EntryPoint","urlTemplate":"https:\/\/klimagerechte-architektur.de\/?s={search_term_string}"},"query-input":{"@type":"PropertyValueSpecification","valueRequired":true,"valueName":"search_term_string"}}],"inLanguage":"en-GB"},{"@type":"Organization","@id":"https:\/\/klimagerechte-architektur.de\/#organization","name":"L\u00f6ffler_Schmeling Architects","url":"https:\/\/klimagerechte-architektur.de\/","logo":{"@type":"ImageObject","inLanguage":"en-GB","@id":"https:\/\/klimagerechte-architektur.de\/#\/schema\/logo\/image\/","url":"https:\/\/klimagerechte-architektur.de\/wp-content\/uploads\/2023\/01\/LS_LogoCoolveticaueberarbeitet_Anne-1.png","contentUrl":"https:\/\/klimagerechte-architektur.de\/wp-content\/uploads\/2023\/01\/LS_LogoCoolveticaueberarbeitet_Anne-1.png","width":1741,"height":402,"caption":"L\u00f6ffler_Schmeling Architekten"},"image":{"@id":"https:\/\/klimagerechte-architektur.de\/#\/schema\/logo\/image\/"}}]}},"_links":{"self":[{"href":"https:\/\/klimagerechte-architektur.de\/en\/wp-json\/wp\/v2\/pages\/1800","targetHints":{"allow":["GET"]}}],"collection":[{"href":"https:\/\/klimagerechte-architektur.de\/en\/wp-json\/wp\/v2\/pages"}],"about":[{"href":"https:\/\/klimagerechte-architektur.de\/en\/wp-json\/wp\/v2\/types\/page"}],"author":[{"embeddable":true,"href":"https:\/\/klimagerechte-architektur.de\/en\/wp-json\/wp\/v2\/users\/1"}],"replies":[{"embeddable":true,"href":"https:\/\/klimagerechte-architektur.de\/en\/wp-json\/wp\/v2\/comments?post=1800"}],"version-history":[{"count":32,"href":"https:\/\/klimagerechte-architektur.de\/en\/wp-json\/wp\/v2\/pages\/1800\/revisions"}],"predecessor-version":[{"id":3038,"href":"https:\/\/klimagerechte-architektur.de\/en\/wp-json\/wp\/v2\/pages\/1800\/revisions\/3038"}],"wp:attachment":[{"href":"https:\/\/klimagerechte-architektur.de\/en\/wp-json\/wp\/v2\/media?parent=1800"}],"curies":[{"name":"wp","href":"https:\/\/api.w.org\/{rel}","templated":true}]}}